{"id":1856,"date":"2021-09-14T05:41:17","date_gmt":"2021-09-14T05:41:17","guid":{"rendered":"https:\/\/se1910.com\/privacy-policy\/"},"modified":"2025-05-27T09:15:19","modified_gmt":"2025-05-27T00:15:19","slug":"privacy-policy","status":"publish","type":"page","link":"https:\/\/patent.se1910.com\/de\/privacy-policy\/","title":{"rendered":"Datenschutzerkl\u00e4rung"},"content":{"rendered":"\n<style type=\"text\/css\" data-created_by=\"avia_inline_auto\" id=\"style-css-av-av_section-65e444fee7c4035dcc4f0c2cfabc7a2e\">\n.avia-section.av-av_section-65e444fee7c4035dcc4f0c2cfabc7a2e .av-parallax .av-parallax-inner{\nbackground-repeat:no-repeat;\nbackground-image:url(https:\/\/patent.se1910.com\/wp-content\/uploads\/2021\/07\/e99cceb5cd97e051af6c43186e045564-e1641635708136.jpg);\nbackground-position:50% 50%;\nbackground-attachment:scroll;\n}\n.avia-section.av-av_section-65e444fee7c4035dcc4f0c2cfabc7a2e .av-section-color-overlay{\nopacity:0.5;\nbackground-color:#232323;\n}\n<\/style>\n<div id='av_section_1'  class='avia-section av-av_section-65e444fee7c4035dcc4f0c2cfabc7a2e main_color avia-section-huge avia-no-border-styling  avia-builder-el-0  el_before_av_section  avia-builder-el-first  av-parallax-section avia-bg-style-parallax av-section-color-overlay-active av-minimum-height av-minimum-height-25 av-height-25  container_wrap sidebar_right'  data-section-bg-repeat='no-repeat' data-av_minimum_height_pc='25' data-av_min_height_opt='25'><div class='av-parallax' data-avia-parallax-ratio='0.3' ><div class='av-parallax-inner main_color avia-full-stretch'><\/div><\/div><div class=\"av-section-color-overlay-wrap\"><div class=\"av-section-color-overlay\"><\/div><a href='#next-section' title='' class='scroll-down-link ' aria-hidden='true' data-av_icon='\ue877' data-av_iconfont='entypo-fontello'><\/a><div class='container av-section-cont-open' ><main  role=\"main\" itemprop=\"mainContentOfPage\"  class='template-page content  av-content-small alpha units'><div class='post-entry post-entry-type-page post-entry-1856'><div class='entry-content-wrapper clearfix'>\n\n<style type=\"text\/css\" data-created_by=\"avia_inline_auto\" id=\"style-css-av-av_heading-8d1ad7ce6ace485fda734c4912b7b754\">\n#top .av-special-heading.av-av_heading-8d1ad7ce6ace485fda734c4912b7b754{\npadding-bottom:10px;\ncolor:#ffffff;\n}\nbody .av-special-heading.av-av_heading-8d1ad7ce6ace485fda734c4912b7b754 .av-special-heading-tag .heading-char{\nfont-size:25px;\n}\n.av-special-heading.av-av_heading-8d1ad7ce6ace485fda734c4912b7b754 .special-heading-inner-border{\nborder-color:#ffffff;\n}\n.av-special-heading.av-av_heading-8d1ad7ce6ace485fda734c4912b7b754 .av-subheading{\nfont-size:15px;\n}\n<\/style>\n<div  class='av-special-heading av-av_heading-8d1ad7ce6ace485fda734c4912b7b754 av-special-heading-h1 custom-color-heading blockquote modern-quote modern-centered  avia-builder-el-1  el_before_av_hr  avia-builder-el-first '><h1 class='av-special-heading-tag'  itemprop=\"headline\"  >Datenschutzerkl\u00e4rung<\/h1><div class=\"special-heading-border\"><div class=\"special-heading-inner-border\"><\/div><\/div><\/div>\n<div  class='hr av-av_hr-34b6fe9e9f66a46e6d69cf6e4e15f130 hr-short  avia-builder-el-2  el_after_av_heading  avia-builder-el-last  hr-center'><span class='hr-inner '><span class=\"hr-inner-style\"><\/span><\/span><\/div>\n\n<\/div><\/div><\/main><!-- close content main element --><\/div><\/div><\/div><div id='av_section_2'  class='avia-section av-av_section-31779286dc2676a8567fef3678c764df main_color avia-section-default avia-no-shadow  avia-builder-el-3  el_after_av_section  avia-builder-el-last  avia-bg-style-scroll container_wrap sidebar_right'  ><div class='container av-section-cont-open' ><div class='template-page content  av-content-small alpha units'><div class='post-entry post-entry-type-page post-entry-1856'><div class='entry-content-wrapper clearfix'>\n\n<style type=\"text\/css\" data-created_by=\"avia_inline_auto\" id=\"style-css-av-av_one_full-6126cab7d8fab8d08143dd2dacdf673c\">\n.flex_column.av-av_one_full-6126cab7d8fab8d08143dd2dacdf673c{\n-webkit-border-radius:0px 0px 0px 0px;\n-moz-border-radius:0px 0px 0px 0px;\nborder-radius:0px 0px 0px 0px;\npadding:0px 0px 0px 0px;\n}\n<\/style>\n<div  class='flex_column av-av_one_full-6126cab7d8fab8d08143dd2dacdf673c av_one_full  avia-builder-el-4  avia-builder-el-no-sibling  first flex_column_div av-zero-column-padding  '     ><p><section  class='av_textblock_section av-av_textblock-396ddf1f42196ca838231e61a4602801 '   itemscope=\"itemscope\" itemtype=\"https:\/\/schema.org\/CreativeWork\" ><div class='avia_textblock'  itemprop=\"text\" ><p>Wir, Sonderhoff &amp; Einsel, nehmen den Schutz Ihrer personenbezogenen Daten sehr ernst und ergreifen Ma\u00dfnahmen, um die Einhaltung aller Regeln und Vorschriften zum Datenschutz, einschlie\u00dflich der Datenschutz-Grundverordnung (DS-GVO) der Europ\u00e4ischen Union, dem Japanischen Datenschutzgesetz und entsprechenden anderen Japanischen Gesetzen zu gew\u00e4hrleisten. Diese Datenschutzerkl\u00e4rung gilt f\u00fcr die Datenverarbeitung durch Sonderhoff &amp; Einsel Law and Patent Office (\u201eSonderhoff &amp; Einsel\u201d).<\/p>\n<\/div><\/section><br \/>\n\n<style type=\"text\/css\" data-created_by=\"avia_inline_auto\" id=\"style-css-av-av_hr-fbebcb4fe7f7f93a621d8b6783460008\">\n#top .hr.hr-invisible.av-av_hr-fbebcb4fe7f7f93a621d8b6783460008{\nheight:30px;\n}\n<\/style>\n<div  class='hr av-av_hr-fbebcb4fe7f7f93a621d8b6783460008 hr-invisible  avia-builder-el-6  el_after_av_textblock  el_before_av_textblock '><span class='hr-inner '><span class=\"hr-inner-style\"><\/span><\/span><\/div><br \/>\n<section  class='av_textblock_section av-ljmfd3iu-d6f26f8b561608b59d662d8ebdc47fa1 '   itemscope=\"itemscope\" itemtype=\"https:\/\/schema.org\/CreativeWork\" ><div class='avia_textblock'  itemprop=\"text\" ><ol>\n<li><strong>Namen und Kontaktinformationen der Verantwortlichen<\/strong><\/li>\n<\/ol>\n<p>Hr. Felix-Reinhard Einsel, Managing Partner<\/p>\n<p>Sonderhoff &amp; Einsel Law and Patent Office, Shin Marunouchi Center Bldg. 18th Floor<\/p>\n<p>1-6-2 Marunouchi, Chiyoda-ku, Tokyo 100-0005<\/p>\n<p>Tel +81-3-5220-6500, Fax +81-3-5220-6556, E-Mail: <a href=\"mailto:einsel@se1910.com\">einsel@se1910.com<\/a><\/p>\n<ol start=\"2\">\n<li><strong>Namen und Kontaktinformationen der Datenschutzbeauftragten<\/strong><\/li>\n<\/ol>\n<p>Hr. Shogo Matsunaga, Partner, <a href=\"mailto:matsunaga@se1910.com\">matsunaga@se1910.com<\/a>, Tel +81-3-5220-6500<\/p>\n<ol start=\"3\">\n<li><strong>Erfassung personenbezogener Daten<\/strong><\/li>\n<\/ol>\n<p>Sonderhoff &amp; Einsel erfasst die notwendigen personenbezogenen Daten auf rechtm\u00e4\u00dfige und angemessene Art und Weise.<\/p>\n<p>a) Beim Besuch unserer Webseite:<\/p>\n<p>Sonderhoff &amp; Einsel erfasst automatisch Informationen, die von Ihrem Browser gesendet werden. Diese Informationen werden in einem Logfile gespeichert. Folgende Information werden erfasst:<\/p>\n<ul>\n<li>IP-Adresse des anfragenden Rechners,<\/li>\n<li>Datum und Uhrzeit des Zugriffs,<\/li>\n<li>Name und URL der abgerufenen Datei,<\/li>\n<li>Webseite, von der aus der Zugriff erfolgt,<\/li>\n<li>Typ und Version Ihres Browsers und Ger\u00e4tes und<\/li>\n<li>Betriebssystem und der Name Ihres Access-Providers.<\/li>\n<\/ul>\n<p>Diese oben genannten Daten werden zu folgenden Zwecken verarbeitet:<\/p>\n<ul>\n<li>Gew\u00e4hrleistung eines reibungslosen Verbindungsaufbaus zu unserer Webseite,<\/li>\n<li>Gew\u00e4hrleistung einer effizienten Nutzung unserer Website,<\/li>\n<li>Auswertung zu unserer Systemsicherheit und -stabilit\u00e4t sowie<\/li>\n<li>zu weiteren administrativen Zwecken.<\/li>\n<\/ul>\n<p>Wir verwenden die erhobenen Daten nicht zu dem Zweck, R\u00fcckschl\u00fcsse auf Ihre Person zu ziehen. Diese Daten werden nicht mit anderen Datenbanken kombiniert. Dar\u00fcber hinaus setzen wir beim Besuch unserer Website Cookies sowie Analysedienste ein. N\u00e4here Erl\u00e4uterungen zu Cookies erhalten Sie unter der Ziffer 6 unten.<\/p>\n<p>b) Beim Versenden einer E-Mail an unsere E-Mail-Adresse auf unserer Webseite:<\/p>\n<p>F\u00fcr eventuelle Fragen bieten wir Ihnen die M\u00f6glichkeit, per Telefon, Fax oder E-Mail, wie auf unserer Webseite aufgezeigt, mit uns Kontakt aufzunehmen. Bitte benutzen Sie eine g\u00fcltige E-Mail-Adresse, so dass wir auf Ihre E-Mail antworten k\u00f6nnen. Die Datenverarbeitung zum Zweck der Kontaktaufnahme mit uns geschieht auf Grundlage Ihrer freiwillig erteilten Einwilligung.<\/p>\n<p>Die personenbezogenen Daten, die wir durch Ihren Kontakt erhalten haben, werden nach Beantwortung Ihrer Anfrage gel\u00f6scht. Bitte bedenken Sie, dass die Daten\u00fcbertragung im Internet grunds\u00e4tzlich Sicherheitsl\u00fccken beinhalten kann und dass ein vollumf\u00e4nglicher Schutz Ihrer personenbezogenen Daten im Internet vor dem Zugriff durch Fremde nicht realisierbar ist.<\/p>\n<ol start=\"4\">\n<li><strong>Zwecke der Verarbeitung<\/strong><\/li>\n<\/ol>\n<p>Wir verarbeiten Ihre personenbezogenen Daten nur zu den folgenden Zwecken:<\/p>\n<ul>\n<li>Bereitstellung unserer Dienstleistungen<\/li>\n<li>Compliance Checks<\/li>\n<li>Aus\u00fcbung unseres Gesch\u00e4ftsbetriebes<\/li>\n<li>Kommunikation mit Ihnen<\/li>\n<li>Management unseres IT-Systems<\/li>\n<li>Verbesserung unserer Webseite und unserer Dienstleistungen<\/li>\n<li>Betrugspr\u00e4vention<\/li>\n<li>Personaleinstellung und Handhabung von Bewerbungen<\/li>\n<li>andere, mit den oben aufgelisteten identische Zwecke.<\/li>\n<\/ul>\n<p>Verarbeitung ist auch notwendig f\u00fcr die Erf\u00fcllung von Vertr\u00e4gen mit Ihnen nach Art. 6 Abs. 1 S. 1 lit. a, b und f DS-GVO. Ihre personenbezogenen Daten werden zu keinen anderen als den oben genannten Zwecken verwendet, ausgenommen, Sie haben Ihre ausdr\u00fcckliche Einwilligung dazu erteilt, oder die Verarbeitung ist gesetzlich oder aus besonderen Gr\u00fcnden erforderlich. In diesem Fall erfolgt die Verarbeitung gem\u00e4\u00df Art. 6 Abs. 1 lit. c, d oder e DS-GVO.<\/p>\n<p><strong>\u00a0<\/strong><\/p>\n<ol start=\"5\">\n<li><strong>Weitergabe von personenbezogenen Daten an Dritte<\/strong><\/li>\n<\/ol>\n<p>Wir werden die erfassten Daten ohne Ihre Einwilligung weder verkaufen noch an Dritte weitergeben, sofern dies nicht anderweitig in Gesetzen und Verordnungen einschlie\u00dflich Datenschutzverordnungen vorgeschrieben ist.<\/p>\n<ol start=\"6\">\n<li><strong>Cookies<\/strong><\/li>\n<\/ol>\n<p>Wie setzen auf unserer Webseite Cookies ein. Hierbei handelt es sich um kleine Dateien, die Ihr Browser automatisch erstellt und die auf Ihrem Endger\u00e4t (Laptop, Tablet, Smartphone o.\u00e4.) gespeichert werden, wenn Sie unsere Webseite besuchen. Cookies richten auf Ihrem Endger\u00e4t keinen Schaden an, enthalten keine Viren, Trojaner oder sonstige Schadsoftware.<\/p>\n<p>Der Einsatz von Cookies dient dazu, die Nutzung unseres Angebots f\u00fcr Sie angenehmer zu gestalten. Die meisten auf unserer Webseite eingesetzten Cookies sind sogenannte Session-Cookies, die nach Verlassen unserer Seite automatisch gel\u00f6scht werden.<\/p>\n<p>Dar\u00fcber hinaus setzen wir Cookies ein, um die Nutzung unserer Website statistisch zu erfassen und sie f\u00fcr die Optimierung des Angebots unserer Webseite auszuwerten. Diese Cookies werden nach einer jeweils definierten Zeit automatisch gel\u00f6scht.<\/p>\n<p>Die meisten Browser akzeptieren Cookies automatisch. Sie k\u00f6nnen Ihren Browser jedoch so konfigurieren, dass keine Cookies auf Ihrem Computer gespeichert werden. Die vollst\u00e4ndige Deaktivierung von Cookies kann jedoch dazu f\u00fchren, dass Sie nicht alle Funktionen unserer Website nutzen k\u00f6nnen.<\/p>\n<ol start=\"7\">\n<li><strong>Analysetools \u2013 Google Analytics<\/strong><\/li>\n<\/ol>\n<p>F\u00fcr die Anpassung und stetige Verbesserung unserer Webseite setzen wir Google Analytics, ein Web-Analyse-Dienst von <a href=\"https:\/\/www.google.com\/intl\/en\/about\/\">Google Inc.<\/a>, ein. Die folgenden Informationen bez\u00fcglich Ihres Besuchs auf unserer Webseite werden durch Cookies generiert:<\/p>\n<ul>\n<li>Browsertyp\/-version,<\/li>\n<li>Betriebssystem,<\/li>\n<li>Webseite, von der aus der Zugriff erfolgt,<\/li>\n<li>IP-Adresse des anfragenden Rechners und<\/li>\n<li>Uhrzeit des Zugriffs.<\/li>\n<\/ul>\n<p>Diese Informationen werden an einen Google-Server in den USA \u00fcbermittelt und dort gespeichert. Dort werden diese Informationen dazu gebraucht, um die Nutzung unserer Internetseite auszuwerten, Berichte \u00fcber die Aktivit\u00e4ten auf unserer Website zu erstellen und um weitere, mit der Nutzung unserer Webseite und des Internets in Verbindung stehende Dienstleistungen f\u00fcr Marktforschung und ein ma\u00dfgeschneidertes Webdesign zu erbringen. Diese Informationen k\u00f6nnen auch an Dritte weitergegeben werden, falls dies gesetzlich vorgeschrieben ist oder falls Dritte diese Informationen verarbeiten. Unter keinen Umst\u00e4nden wird Ihre IP-Adresse mit anderen Informationen, die von Google bereitgestellt werden, kombiniert. IP-Adressen werden anonymisiert, so dass keine Zuordnung m\u00f6glich ist (IP masking).<\/p>\n<p>Weitere Informationen zum Datenschutz in Bezug auf Google Analytics finden Sie beim <a href=\"https:\/\/support.google.com\/analytics\/answer\/6004245?hl=en\">Google Analytics Help Center<\/a> .<\/p>\n<ol start=\"8\">\n<li><strong>Betroffenenrechte und Widerrufsrecht<\/strong><\/li>\n<\/ol>\n<p>Sie k\u00f6nnen Ihre Einwilligung zur Verarbeitung personenbezogener Daten gem\u00e4\u00df Art. 7 Abs. 3 DS-GVO jederzeit widerrufen. Dies betrifft auch den Widerruf von Einwilligungserkl\u00e4rungen, die Sie uns vor Inkrafttreten der Datenschutz-Grundverordnung der Europ\u00e4ischen Union, also vor dem 25. Mai 2018, gegeben haben. Bitte beachten Sie, dass ein solcher Widerruf nur f\u00fcr zuk\u00fcnftige Datenverarbeitung gilt. Der Widerruf hat keinen Einfluss auf Datenverarbeitung, die vor dem Widerruf durchgef\u00fchrt wurde. Der Widerruf einer Einwilligung hat keinen Einfluss auf die Verarbeitung Ihrer Daten, wenn diese gesetzlich vorgeschrieben ist.<\/p>\n<p>Sie haben ein Recht auf Auskunft, Recht auf Berichtigung, Recht auf L\u00f6schung, Recht auf Einschr\u00e4nkung der Verarbeitung, Recht auf Widerspruch sowie Recht auf Daten\u00fcbertragbarkeit gem\u00e4\u00df Art. 15 bis 21 DS-GVO, und Sie haben gem\u00e4\u00df Art. 77 DS-GVO ein Recht, sich bei der Aufsichtsbeh\u00f6rde zu beschweren. Falls Sie von einem dieser Rechte uns gegen\u00fcber Gebrauch machen wollen, k\u00f6nnen Sie sich per Post an die folgende Adresse wenden:<\/p>\n<p>Sonderhoff &amp; Einsel Law and Patent Office, Shin Marunouchi Center Bldg. 18th Floor<\/p>\n<p>1-6-2 Marunouchi, Chiyoda-ku, Tokyo 100-0005<\/p>\n<p>oder per E-Mail an: <a href=\"mailto:einsel@se1910.com\">einsel@se1910.com<\/a>.<\/p>\n<ol start=\"9\">\n<li><strong>Datensicherheit<\/strong><\/li>\n<\/ol>\n<p>Wir verwenden innerhalb unserer Website das verbreitete SSL-Verfahren (Secure Socket Layer) in Verbindung mit der jeweils h\u00f6chsten Verschl\u00fcsselungsstufe, die von Ihrem Browser unterst\u00fctzt wird. In der Regel handelt es sich dabei um eine 256-Bit Verschl\u00fcsselung. Falls Ihr Browser keine 256-Bit Verschl\u00fcsselung unterst\u00fctzt, greifen wir stattdessen auf 128-Bit v3 Technologie zur\u00fcck.<\/p>\n<p>Wir behandeln Ihre personenbezogenen Daten mit Sorgfalt und bedienen uns geeigneter technischer und organisatorischer Sicherheitsma\u00dfnahmen, um Ihre Daten gegen unbefugten Zugriff Dritter oder Verlust, Manipulation oder Zerst\u00f6rung zu sch\u00fctzen.<\/p>\n<p>Entsprechend den handels- und steuerrechtlichen Vorschriften speichern wir Ihre Adressen, Zahlungs- und Auftragsdaten f\u00fcr 10 Jahre.<\/p>\n<p><strong>\u00a0<\/strong><\/p>\n<ol start=\"10\">\n<li><strong>\u00c4nderung dieser Datenschutzerkl\u00e4rung<\/strong><\/li>\n<\/ol>\n<p>Diese Datenschutzerkl\u00e4rung ist aktuell g\u00fcltig und hat den Stand 30. Juni 2018. Wir sind stetig bem\u00fcht, unsere Richtlinien zu verbessern und werden diese Datenschutzerkl\u00e4rung aktualisieren soweit erforderlich.<\/p>\n<\/div><\/section><\/p><\/div><\/div><\/div><\/div><!-- close content main div --><\/div><\/div><div id='after_section_2'  class='main_color av_default_container_wrap container_wrap sidebar_right'  ><div class='container av-section-cont-open' ><div class='template-page content  av-content-small alpha units'><div class='post-entry post-entry-type-page post-entry-1856'><div class='entry-content-wrapper clearfix'>\n","protected":false},"excerpt":{"rendered":"","protected":false},"author":9,"featured_media":0,"parent":0,"menu_order":0,"comment_status":"closed","ping_status":"closed","template":"","meta":{"_acf_changed":false,"footnotes":""},"class_list":["post-1856","page","type-page","status-publish","hentry"],"acf":[],"_links":{"self":[{"href":"https:\/\/patent.se1910.com\/de\/wp-json\/wp\/v2\/pages\/1856","targetHints":{"allow":["GET"]}}],"collection":[{"href":"https:\/\/patent.se1910.com\/de\/wp-json\/wp\/v2\/pages"}],"about":[{"href":"https:\/\/patent.se1910.com\/de\/wp-json\/wp\/v2\/types\/page"}],"author":[{"embeddable":true,"href":"https:\/\/patent.se1910.com\/de\/wp-json\/wp\/v2\/users\/9"}],"replies":[{"embeddable":true,"href":"https:\/\/patent.se1910.com\/de\/wp-json\/wp\/v2\/comments?post=1856"}],"version-history":[{"count":6,"href":"https:\/\/patent.se1910.com\/de\/wp-json\/wp\/v2\/pages\/1856\/revisions"}],"predecessor-version":[{"id":11063,"href":"https:\/\/patent.se1910.com\/de\/wp-json\/wp\/v2\/pages\/1856\/revisions\/11063"}],"wp:attachment":[{"href":"https:\/\/patent.se1910.com\/de\/wp-json\/wp\/v2\/media?parent=1856"}],"curies":[{"name":"wp","href":"https:\/\/api.w.org\/{rel}","templated":true}]}}