{"id":1893,"date":"2021-09-15T05:09:33","date_gmt":"2021-09-15T05:09:33","guid":{"rendered":"https:\/\/se1910.com\/global-reach\/"},"modified":"2023-09-11T09:36:23","modified_gmt":"2023-09-11T00:36:23","slug":"global-reach","status":"publish","type":"page","link":"https:\/\/patent.se1910.com\/de\/global-reach\/","title":{"rendered":"Global Vernetzt"},"content":{"rendered":"<div id='full_slider_1'  class='avia-fullwidth-slider main_color avia-shadow   avia-builder-el-0  el_before_av_section  avia-builder-el-first   container_wrap sidebar_right'  >\n<style type=\"text\/css\" data-created_by=\"avia_inline_auto\" id=\"style-css-av-av_slideshow_full-85f7e3fd109e36cdb2713ea35cfe5185\">\n#top #wrap_all .avia-slideshow .av-slideshow-caption.av-av_slideshow_full-85f7e3fd109e36cdb2713ea35cfe5185__0 .avia-caption-title{\nfont-size:36px;\n}\n<\/style>\n<div  class='avia-slideshow av-av_slideshow_full-85f7e3fd109e36cdb2713ea35cfe5185 avia-slideshow-no scaling av_slideshow_full avia-slide-slider av-slideshow-ui av-control-hidden av-no-slider-navigation av-hide-nav-arrows av-slideshow-manual av-loop-once av-loop-manual-endless av-default-height-applied   avia-slideshow-1' data-slideshow-options=\"{&quot;animation&quot;:&quot;slide&quot;,&quot;autoplay&quot;:false,&quot;loop_autoplay&quot;:&quot;once&quot;,&quot;interval&quot;:5,&quot;loop_manual&quot;:&quot;manual-endless&quot;,&quot;autoplay_stopper&quot;:false,&quot;noNavigation&quot;:true,&quot;bg_slider&quot;:false,&quot;keep_padding&quot;:false,&quot;hoverpause&quot;:false,&quot;show_slide_delay&quot;:0}\"  itemprop=\"image\" itemscope=\"itemscope\" itemtype=\"https:\/\/schema.org\/ImageObject\" ><ul class='avia-slideshow-inner ' style='padding-bottom: 26.041666666667%;'><li  class='avia-slideshow-slide av-av_slideshow_full-85f7e3fd109e36cdb2713ea35cfe5185__0  av-single-slide slide-1 slide-odd'><div data-rel='slideshow-1' class='avia-slide-wrap '   ><div class='av-slideshow-caption av-av_slideshow_full-85f7e3fd109e36cdb2713ea35cfe5185__0 caption_fullwidth caption_center'><div class=\"container caption_container\"><div class=\"slideshow_caption\"><div class=\"slideshow_inner_caption\"><div class=\"slideshow_align_caption\"><h2 class='avia-caption-title '  itemprop=\"name\" >Global Vernetzt<\/h2><\/div><\/div><\/div><\/div><\/div><img decoding=\"async\" class=\"wp-image-2515 avia-img-lazy-loading-not-2515\"  src=\"https:\/\/patent.se1910.com\/wp-content\/uploads\/2021\/09\/MHP-Panos-web-law.jpg\" width=\"1920\" height=\"500\" title='MHP-Panos-web-law' alt=''  itemprop=\"thumbnailUrl\"  style='min-height:300px; min-width:1152px; ' srcset=\"https:\/\/patent.se1910.com\/wp-content\/uploads\/2021\/09\/MHP-Panos-web-law.jpg 1920w, https:\/\/patent.se1910.com\/wp-content\/uploads\/2021\/09\/MHP-Panos-web-law-300x78.jpg 300w, https:\/\/patent.se1910.com\/wp-content\/uploads\/2021\/09\/MHP-Panos-web-law-1030x268.jpg 1030w, https:\/\/patent.se1910.com\/wp-content\/uploads\/2021\/09\/MHP-Panos-web-law-768x200.jpg 768w, https:\/\/patent.se1910.com\/wp-content\/uploads\/2021\/09\/MHP-Panos-web-law-1536x400.jpg 1536w, https:\/\/patent.se1910.com\/wp-content\/uploads\/2021\/09\/MHP-Panos-web-law-1500x391.jpg 1500w, https:\/\/patent.se1910.com\/wp-content\/uploads\/2021\/09\/MHP-Panos-web-law-705x184.jpg 705w, https:\/\/patent.se1910.com\/wp-content\/uploads\/2021\/09\/MHP-Panos-web-law-450x117.jpg 450w\" sizes=\"(max-width: 1920px) 100vw, 1920px\" \/><div class='av-section-color-overlay' style='opacity: 0.5; background-color: #232323; '><\/div><\/div><\/li><\/ul><\/div><\/div>\n<div id='av_section_1'  class='avia-section av-av_section-31779286dc2676a8567fef3678c764df main_color avia-section-default avia-no-shadow  avia-builder-el-1  el_after_av_slideshow_full  avia-builder-el-last  avia-bg-style-scroll container_wrap sidebar_right'  ><div class='container av-section-cont-open' ><div class='template-page content  av-content-small alpha units'><div class='post-entry post-entry-type-page post-entry-1893'><div class='entry-content-wrapper clearfix'>\n\n<style type=\"text\/css\" data-created_by=\"avia_inline_auto\" id=\"style-css-av-av_one_third-0aa7055fe62c3622faec82866afbaeb2\">\n.flex_column.av-av_one_third-0aa7055fe62c3622faec82866afbaeb2{\n-webkit-border-radius:0px 0px 0px 0px;\n-moz-border-radius:0px 0px 0px 0px;\nborder-radius:0px 0px 0px 0px;\npadding:0px 0px 0px 0px;\n}\n<\/style>\n<div  class='flex_column av-av_one_third-0aa7055fe62c3622faec82866afbaeb2 av_one_third  avia-builder-el-2  el_before_av_two_third  avia-builder-el-first  flex_column_div av-zero-column-padding  '     ><style type=\"text\/css\" data-created_by=\"avia_inline_auto\" id=\"style-css-av-av_image-fe23a64007f8c71b3202854351f9cc53\">\n.avia-image-container.av-av_image-fe23a64007f8c71b3202854351f9cc53 img.avia_image{\nbox-shadow:none;\n}\n.avia-image-container.av-av_image-fe23a64007f8c71b3202854351f9cc53 .av-image-caption-overlay-center{\ncolor:#ffffff;\n}\n<\/style>\n<div  class='avia-image-container av-av_image-fe23a64007f8c71b3202854351f9cc53 av-styling- avia-align-center  avia-builder-el-3  avia-builder-el-no-sibling '   itemprop=\"image\" itemscope=\"itemscope\" itemtype=\"https:\/\/schema.org\/ImageObject\" ><div class=\"avia-image-container-inner\"><div class=\"avia-image-overlay-wrap\"><img decoding=\"async\" class='wp-image-1887 avia-img-lazy-loading-not-1887 avia_image ' src=\"https:\/\/patent.se1910.com\/wp-content\/uploads\/2021\/09\/IR-Email_Sig_Member_firm_19.09.gif\" alt='' title='IR-Email_Sig_Member_firm_19.09'  height=\"89\" width=\"300\"  itemprop=\"thumbnailUrl\"  \/><\/div><\/div><\/div><\/div>\n<style type=\"text\/css\" data-created_by=\"avia_inline_auto\" id=\"style-css-av-av_two_third-6126cab7d8fab8d08143dd2dacdf673c\">\n.flex_column.av-av_two_third-6126cab7d8fab8d08143dd2dacdf673c{\n-webkit-border-radius:0px 0px 0px 0px;\n-moz-border-radius:0px 0px 0px 0px;\nborder-radius:0px 0px 0px 0px;\npadding:0px 0px 0px 0px;\n}\n<\/style>\n<div  class='flex_column av-av_two_third-6126cab7d8fab8d08143dd2dacdf673c av_two_third  avia-builder-el-4  el_after_av_one_third  avia-builder-el-last  first flex_column_div av-zero-column-padding  column-top-margin'     ><p>\n<style type=\"text\/css\" data-created_by=\"avia_inline_auto\" id=\"style-css-av-av_heading-456371709f67b8a30bf5c21679981bc8\">\n#top .av-special-heading.av-av_heading-456371709f67b8a30bf5c21679981bc8{\npadding-bottom:10px;\n}\nbody .av-special-heading.av-av_heading-456371709f67b8a30bf5c21679981bc8 .av-special-heading-tag .heading-char{\nfont-size:25px;\n}\n.av-special-heading.av-av_heading-456371709f67b8a30bf5c21679981bc8 .av-subheading{\nfont-size:15px;\n}\n<\/style>\n<div  class='av-special-heading av-av_heading-456371709f67b8a30bf5c21679981bc8 av-special-heading-h3 blockquote modern-quote  avia-builder-el-5  el_before_av_textblock  avia-builder-el-first '><h3 class='av-special-heading-tag'  itemprop=\"headline\"  >IR Global<\/h3><div class=\"special-heading-border\"><div class=\"special-heading-inner-border\"><\/div><\/div><\/div><br \/>\n<section  class='av_textblock_section av-av_textblock-396ddf1f42196ca838231e61a4602801 '   itemscope=\"itemscope\" itemtype=\"https:\/\/schema.org\/CreativeWork\" ><div class='avia_textblock'  itemprop=\"text\" ><p>Sonderhoff &#038; Einsel ist Mitglied von IR Global, einem multidisziplin\u00e4ren Netzwerk f\u00fcr professionelle Dienstleistungen, das Unternehmen wie auch Einzelpersonen auf der ganzen Welt bei Fragen in den Bereichen Recht, Buchhaltung und Finanzen zur Seite steht. Mitglieder von IR Global, die \u00fcber umfangreiche grenz\u00fcberschreitende Erfahrung verf\u00fcgen, sind die erlesensten Boutiquen und mittelst\u00e4ndischen Unternehmen, die sich auf partnergef\u00fchrte, pers\u00f6nliche Dienstleistungen konzentrieren und damit den Mittelstand beraten. Das Netzwerk ist in \u00fcber 155 Jurisdiktionen vertreten und deckt mehr als 70 unterschiedliche Rechtsgebiete ab. Dies versetzt IR Global in die Lage, eine Beratung von h\u00f6chster Qualit\u00e4t sicherzustellen, die den Bed\u00fcrfnissen auch der komplexesten Kundenanforderungen gerecht wird. In den letzten zehn Jahren ist IR Global dabei auf \u00fcber 1000 Mitglieder weltweit angewachsen, die durch die Prinzipien von Freundschaft, Vertrauen und den gemeinsame Anspruch, \u00fcber die traditionelle Rolle des Beraters hinauszugehen, vereint sind.<\/p>\n<p>F\u00fcr weiterf\u00fchrende Informationen zu IR Global besuchen Sie bitte <a href=\"https:\/\/www.irglobal.com\/\">https:\/\/www.irglobal.com\/<\/a><\/p>\n<\/div><\/section><\/p><\/div><\/div><\/div><\/div><!-- close content main div --><\/div><\/div><div id='after_section_1'  class='main_color av_default_container_wrap container_wrap sidebar_right'  ><div class='container av-section-cont-open' ><div class='template-page content  av-content-small alpha units'><div class='post-entry post-entry-type-page post-entry-1893'><div class='entry-content-wrapper clearfix'>\n","protected":false},"excerpt":{"rendered":"","protected":false},"author":9,"featured_media":0,"parent":0,"menu_order":0,"comment_status":"closed","ping_status":"closed","template":"","meta":{"_acf_changed":false,"footnotes":""},"class_list":["post-1893","page","type-page","status-publish","hentry"],"acf":[],"_links":{"self":[{"href":"https:\/\/patent.se1910.com\/de\/wp-json\/wp\/v2\/pages\/1893","targetHints":{"allow":["GET"]}}],"collection":[{"href":"https:\/\/patent.se1910.com\/de\/wp-json\/wp\/v2\/pages"}],"about":[{"href":"https:\/\/patent.se1910.com\/de\/wp-json\/wp\/v2\/types\/page"}],"author":[{"embeddable":true,"href":"https:\/\/patent.se1910.com\/de\/wp-json\/wp\/v2\/users\/9"}],"replies":[{"embeddable":true,"href":"https:\/\/patent.se1910.com\/de\/wp-json\/wp\/v2\/comments?post=1893"}],"version-history":[{"count":5,"href":"https:\/\/patent.se1910.com\/de\/wp-json\/wp\/v2\/pages\/1893\/revisions"}],"predecessor-version":[{"id":8414,"href":"https:\/\/patent.se1910.com\/de\/wp-json\/wp\/v2\/pages\/1893\/revisions\/8414"}],"wp:attachment":[{"href":"https:\/\/patent.se1910.com\/de\/wp-json\/wp\/v2\/media?parent=1893"}],"curies":[{"name":"wp","href":"https:\/\/api.w.org\/{rel}","templated":true}]}}