{"id":1926,"date":"2021-09-15T06:35:46","date_gmt":"2021-09-15T06:35:46","guid":{"rendered":"https:\/\/se1910.com\/partner-offices\/"},"modified":"2024-11-29T13:28:56","modified_gmt":"2024-11-29T04:28:56","slug":"partner-offices","status":"publish","type":"page","link":"https:\/\/patent.se1910.com\/de\/partner-offices\/","title":{"rendered":"Partnerkanzlei"},"content":{"rendered":"<div id='full_slider_1'  class='avia-fullwidth-slider main_color avia-shadow   avia-builder-el-0  el_before_av_section  avia-builder-el-first   container_wrap sidebar_right'  >\n<style type=\"text\/css\" data-created_by=\"avia_inline_auto\" id=\"style-css-av-av_slideshow_full-85f7e3fd109e36cdb2713ea35cfe5185\">\n#top #wrap_all .avia-slideshow .av-slideshow-caption.av-av_slideshow_full-85f7e3fd109e36cdb2713ea35cfe5185__0 .avia-caption-title{\nfont-size:36px;\n}\n<\/style>\n<div  class='avia-slideshow av-av_slideshow_full-85f7e3fd109e36cdb2713ea35cfe5185 avia-slideshow-no scaling av_slideshow_full avia-slide-slider av-slideshow-ui av-control-hidden av-no-slider-navigation av-hide-nav-arrows av-slideshow-manual av-loop-once av-loop-manual-endless av-default-height-applied   avia-slideshow-1' data-slideshow-options=\"{&quot;animation&quot;:&quot;slide&quot;,&quot;autoplay&quot;:false,&quot;loop_autoplay&quot;:&quot;once&quot;,&quot;interval&quot;:5,&quot;loop_manual&quot;:&quot;manual-endless&quot;,&quot;autoplay_stopper&quot;:false,&quot;noNavigation&quot;:true,&quot;bg_slider&quot;:false,&quot;keep_padding&quot;:false,&quot;hoverpause&quot;:false,&quot;show_slide_delay&quot;:0}\"  itemprop=\"image\" itemscope=\"itemscope\" itemtype=\"https:\/\/schema.org\/ImageObject\" ><ul class='avia-slideshow-inner ' style='padding-bottom: 26.041666666667%;'><li  class='avia-slideshow-slide av-av_slideshow_full-85f7e3fd109e36cdb2713ea35cfe5185__0  av-single-slide slide-1 slide-odd'><div data-rel='slideshow-1' class='avia-slide-wrap '   ><div class='av-slideshow-caption av-av_slideshow_full-85f7e3fd109e36cdb2713ea35cfe5185__0 caption_fullwidth caption_center'><div class=\"container caption_container\"><div class=\"slideshow_caption\"><div class=\"slideshow_inner_caption\"><div class=\"slideshow_align_caption\"><h2 class='avia-caption-title '  itemprop=\"name\" >Partnerkanzlei<\/h2><\/div><\/div><\/div><\/div><\/div><img decoding=\"async\" class=\"wp-image-2536 avia-img-lazy-loading-not-2536\"  src=\"https:\/\/patent.se1910.com\/wp-content\/uploads\/2021\/09\/SE_HeaderImg_Group_2.jpg\" width=\"1920\" height=\"500\" title='SE_HeaderImg_Group_2' alt=''  itemprop=\"thumbnailUrl\"  style='min-height:300px; min-width:1152px; ' srcset=\"https:\/\/patent.se1910.com\/wp-content\/uploads\/2021\/09\/SE_HeaderImg_Group_2.jpg 1920w, https:\/\/patent.se1910.com\/wp-content\/uploads\/2021\/09\/SE_HeaderImg_Group_2-300x78.jpg 300w, https:\/\/patent.se1910.com\/wp-content\/uploads\/2021\/09\/SE_HeaderImg_Group_2-1030x268.jpg 1030w, https:\/\/patent.se1910.com\/wp-content\/uploads\/2021\/09\/SE_HeaderImg_Group_2-768x200.jpg 768w, https:\/\/patent.se1910.com\/wp-content\/uploads\/2021\/09\/SE_HeaderImg_Group_2-1536x400.jpg 1536w, https:\/\/patent.se1910.com\/wp-content\/uploads\/2021\/09\/SE_HeaderImg_Group_2-1500x391.jpg 1500w, https:\/\/patent.se1910.com\/wp-content\/uploads\/2021\/09\/SE_HeaderImg_Group_2-705x184.jpg 705w, https:\/\/patent.se1910.com\/wp-content\/uploads\/2021\/09\/SE_HeaderImg_Group_2-450x117.jpg 450w\" sizes=\"(max-width: 1920px) 100vw, 1920px\" \/><div class='av-section-color-overlay' style='opacity: 0.5; background-color: #232323; '><\/div><\/div><\/li><\/ul><\/div><\/div>\n<div id='av_section_1'  class='avia-section av-av_section-31779286dc2676a8567fef3678c764df main_color avia-section-default avia-no-shadow  avia-builder-el-1  el_after_av_slideshow_full  avia-builder-el-last  avia-bg-style-scroll container_wrap sidebar_right'  ><div class='container av-section-cont-open' ><div class='template-page content  av-content-small alpha units'><div class='post-entry post-entry-type-page post-entry-1926'><div class='entry-content-wrapper clearfix'>\n\n<style type=\"text\/css\" data-created_by=\"avia_inline_auto\" id=\"style-css-av-av_one_full-6126cab7d8fab8d08143dd2dacdf673c\">\n.flex_column.av-av_one_full-6126cab7d8fab8d08143dd2dacdf673c{\n-webkit-border-radius:0px 0px 0px 0px;\n-moz-border-radius:0px 0px 0px 0px;\nborder-radius:0px 0px 0px 0px;\npadding:0px 0px 0px 0px;\n}\n<\/style>\n<div  class='flex_column av-av_one_full-6126cab7d8fab8d08143dd2dacdf673c av_one_full  avia-builder-el-2  avia-builder-el-no-sibling  first flex_column_div av-zero-column-padding  '     ><p>\n<style type=\"text\/css\" data-created_by=\"avia_inline_auto\" id=\"style-css-av-av_heading-c1b156d1fe8b655b7d6e087ce0fae08e\">\n#top .av-special-heading.av-av_heading-c1b156d1fe8b655b7d6e087ce0fae08e{\npadding-bottom:10px;\n}\nbody .av-special-heading.av-av_heading-c1b156d1fe8b655b7d6e087ce0fae08e .av-special-heading-tag .heading-char{\nfont-size:25px;\n}\n.av-special-heading.av-av_heading-c1b156d1fe8b655b7d6e087ce0fae08e .av-subheading{\nfont-size:15px;\n}\n<\/style>\n<div  class='av-special-heading av-av_heading-c1b156d1fe8b655b7d6e087ce0fae08e av-special-heading-h2 blockquote modern-quote  avia-builder-el-3  el_before_av_textblock  avia-builder-el-first '><h2 class='av-special-heading-tag'  itemprop=\"headline\"  >Sonderhoff <span class='special_amp'>&amp;<\/span> Einsel Tax Co.<\/h2><div class=\"special-heading-border\"><div class=\"special-heading-inner-border\"><\/div><\/div><\/div><br \/>\n<section  class='av_textblock_section av-av_textblock-396ddf1f42196ca838231e61a4602801 '   itemscope=\"itemscope\" itemtype=\"https:\/\/schema.org\/CreativeWork\" ><div class='avia_textblock'  itemprop=\"text\" ><p>Sonderhoff &#038; Einsel Tax Co. wurde im Oktober 2019 gegr\u00fcndet. Mit unserem Team zugelassener japanischer Steuerberater und zweisprachigen Mitarbeitern bieten wir Unterst\u00fctzung in s\u00e4mtlichen Steuer-, Buchhaltungs- und Gehaltsabrechnungsbelangen gem\u00e4\u00df den japanischen Gesetzen und Regelungen. Die Zusammenarbeit mit der Rechtsabteilung des Sonderhoff &#038; Einsel Law and Patent Office erm\u00f6glicht einen kundenorientierten One-Stop-Service.<\/p>\n<p>Shin Marunouchi Center Bldg. 18th Floor<br \/>\n1-6-2 Marunouchi, Chiyoda-ku<br \/>\nTokyo 100-0005<br \/>\nTel\u00a0<a href=\"tel:+81-3-5220-6504\">+81-3-5220-6563<\/a><br \/>\nFax\u00a0<a href=\"tel:+81-80-5220-6580\">+81-3-5220-6564<\/a><\/p>\n<p>E-Mail <a href=\"mailto:tax@se1910.com\">tax@se1910.com<\/a><\/p>\n<p>Web: <a href=\"http:\/\/se1910.com\/de\/practices\/tax\/\">http:\/\/se1910.com\/de\/practices\/tax\/<\/a><\/p>\n<\/div><\/section><br \/>\n\n<style type=\"text\/css\" data-created_by=\"avia_inline_auto\" id=\"style-css-av-av_heading-af85514188eef9bc3a74bb8045ca61a8\">\n#top .av-special-heading.av-av_heading-af85514188eef9bc3a74bb8045ca61a8{\npadding-bottom:10px;\n}\nbody .av-special-heading.av-av_heading-af85514188eef9bc3a74bb8045ca61a8 .av-special-heading-tag .heading-char{\nfont-size:25px;\n}\n.av-special-heading.av-av_heading-af85514188eef9bc3a74bb8045ca61a8 .av-subheading{\nfont-size:15px;\n}\n<\/style>\n<div  class='av-special-heading av-av_heading-af85514188eef9bc3a74bb8045ca61a8 av-special-heading-h2 blockquote modern-quote  avia-builder-el-5  el_after_av_textblock  el_before_av_textblock '><h2 class='av-special-heading-tag'  itemprop=\"headline\"  >Sonderhoff <span class='special_amp'>&amp;<\/span> Einsel (Beijing) Patent Agency Office<\/h2><div class=\"special-heading-border\"><div class=\"special-heading-inner-border\"><\/div><\/div><\/div><br \/>\n<section  class='av_textblock_section av-av_textblock-396ddf1f42196ca838231e61a4602801 '   itemscope=\"itemscope\" itemtype=\"https:\/\/schema.org\/CreativeWork\" ><div class='avia_textblock'  itemprop=\"text\" ><p>Sonderhoff &#038; Einsel (Beijing) wurde im Jahre 2012 gegr\u00fcndet und vertritt die Interessen von Mandanten aus aller Welt im gewerblichen Rechtsschutz in China.<\/p>\n<p>Suite 316<br \/>\nChina World Office No 1<br \/>\nNo 1 Jianguomenwai Ave<br \/>\nChaoyang District<br \/>\nBeijing 100004<br \/>\nTel +81-10-6505-5213<br \/>\nFax +86-10-6505-6747<br \/>\nWeb\u00a0 <a href=\"https:\/\/sonderhoff-einsel.cn\/\">https:\/\/sonderhoff-einsel.cn\/<\/a><\/p>\n<\/div><\/section><br \/>\n\n<style type=\"text\/css\" data-created_by=\"avia_inline_auto\" id=\"style-css-av-av_heading-9efb8b37c1438851f354396db539ad89\">\n#top .av-special-heading.av-av_heading-9efb8b37c1438851f354396db539ad89{\npadding-bottom:10px;\n}\nbody .av-special-heading.av-av_heading-9efb8b37c1438851f354396db539ad89 .av-special-heading-tag .heading-char{\nfont-size:25px;\n}\n.av-special-heading.av-av_heading-9efb8b37c1438851f354396db539ad89 .av-subheading{\nfont-size:15px;\n}\n<\/style>\n<div  class='av-special-heading av-av_heading-9efb8b37c1438851f354396db539ad89 av-special-heading-h2 blockquote modern-quote  avia-builder-el-7  el_after_av_textblock  el_before_av_textblock '><h2 class='av-special-heading-tag'  itemprop=\"headline\"  >Einsel Attorney at Law und Rechtsanw\u00e4lte PartmbB<\/h2><div class=\"special-heading-border\"><div class=\"special-heading-inner-border\"><\/div><\/div><\/div><br \/>\n<section  class='av_textblock_section av-av_textblock-396ddf1f42196ca838231e61a4602801 '   itemscope=\"itemscope\" itemtype=\"https:\/\/schema.org\/CreativeWork\" ><div class='avia_textblock'  itemprop=\"text\" ><p>Einsel Hamburg hat seine Beratungst\u00e4tigkeiten zu deutschem und europ\u00e4ischem Recht, inklusive deutschem Steuerrecht 2016 aufgenommen und versteht sich als Br\u00fccke nach Japan und China f\u00fcr europ\u00e4ische Mandanten und nach Europa f\u00fcr japanische und chinesische Mandanten.<\/p>\n<p>Gro\u00dfe B\u00e4ckerstra\u00dfe 3<\/p>\n<p>20095 Hamburg<\/p>\n<p>Germany<\/p>\n<p>Tel\u00a0 \u00a0+49-40-36 00 89 98<\/p>\n<p>E-Mail\u00a0 <a href=\"mailto:office@einsel-law.de\">office@einsel-law.de<\/a><\/p>\n<p>Web\u00a0\u00a0<a href=\"https:\/\/einsel-law.de\/\">https:\/\/einsel-law.de\/<\/a><\/p>\n<\/div><\/section><\/p><\/div><\/div><\/div><\/div><!-- close content main div --><\/div><\/div><div id='after_section_1'  class='main_color av_default_container_wrap container_wrap sidebar_right'  ><div class='container av-section-cont-open' ><div class='template-page content  av-content-small alpha units'><div class='post-entry post-entry-type-page post-entry-1926'><div class='entry-content-wrapper clearfix'>\n","protected":false},"excerpt":{"rendered":"","protected":false},"author":9,"featured_media":0,"parent":0,"menu_order":0,"comment_status":"closed","ping_status":"closed","template":"","meta":{"_acf_changed":false,"footnotes":""},"class_list":["post-1926","page","type-page","status-publish","hentry"],"acf":[],"_links":{"self":[{"href":"https:\/\/patent.se1910.com\/de\/wp-json\/wp\/v2\/pages\/1926","targetHints":{"allow":["GET"]}}],"collection":[{"href":"https:\/\/patent.se1910.com\/de\/wp-json\/wp\/v2\/pages"}],"about":[{"href":"https:\/\/patent.se1910.com\/de\/wp-json\/wp\/v2\/types\/page"}],"author":[{"embeddable":true,"href":"https:\/\/patent.se1910.com\/de\/wp-json\/wp\/v2\/users\/9"}],"replies":[{"embeddable":true,"href":"https:\/\/patent.se1910.com\/de\/wp-json\/wp\/v2\/comments?post=1926"}],"version-history":[{"count":8,"href":"https:\/\/patent.se1910.com\/de\/wp-json\/wp\/v2\/pages\/1926\/revisions"}],"predecessor-version":[{"id":11083,"href":"https:\/\/patent.se1910.com\/de\/wp-json\/wp\/v2\/pages\/1926\/revisions\/11083"}],"wp:attachment":[{"href":"https:\/\/patent.se1910.com\/de\/wp-json\/wp\/v2\/media?parent=1926"}],"curies":[{"name":"wp","href":"https:\/\/api.w.org\/{rel}","templated":true}]}}