{"id":2131,"date":"2021-09-16T17:58:35","date_gmt":"2021-09-16T17:58:35","guid":{"rendered":"https:\/\/se1910.com\/practices\/intellectual-property-prosecution\/"},"modified":"2022-01-11T12:26:45","modified_gmt":"2022-01-11T12:26:45","slug":"intellectual-property-prosecution","status":"publish","type":"page","link":"https:\/\/patent.se1910.com\/de\/practices\/intellectual-property-prosecution\/","title":{"rendered":"Gewerblicher Rechtsschutz (Prosecution)"},"content":{"rendered":"<div id='full_slider_1'  class='avia-fullwidth-slider main_color avia-shadow   avia-builder-el-0  el_before_av_section  avia-builder-el-first   container_wrap sidebar_right'  >\n<style type=\"text\/css\" data-created_by=\"avia_inline_auto\" id=\"style-css-av-av_slideshow_full-85f7e3fd109e36cdb2713ea35cfe5185\">\n#top #wrap_all .avia-slideshow .av-slideshow-caption.av-av_slideshow_full-85f7e3fd109e36cdb2713ea35cfe5185__0 .avia-caption-title{\nfont-size:36px;\n}\n<\/style>\n<div  class='avia-slideshow av-av_slideshow_full-85f7e3fd109e36cdb2713ea35cfe5185 avia-slideshow-no scaling av_slideshow_full avia-slide-slider av-slideshow-ui av-control-hidden av-no-slider-navigation av-hide-nav-arrows av-slideshow-manual av-loop-once av-loop-manual-endless av-default-height-applied   avia-slideshow-1' data-slideshow-options=\"{&quot;animation&quot;:&quot;slide&quot;,&quot;autoplay&quot;:false,&quot;loop_autoplay&quot;:&quot;once&quot;,&quot;interval&quot;:5,&quot;loop_manual&quot;:&quot;manual-endless&quot;,&quot;autoplay_stopper&quot;:false,&quot;noNavigation&quot;:true,&quot;bg_slider&quot;:false,&quot;keep_padding&quot;:false,&quot;hoverpause&quot;:false,&quot;show_slide_delay&quot;:0}\"  itemprop=\"image\" itemscope=\"itemscope\" itemtype=\"https:\/\/schema.org\/ImageObject\" ><ul class='avia-slideshow-inner ' style='padding-bottom: 26.041666666667%;'><li  class='avia-slideshow-slide av-av_slideshow_full-85f7e3fd109e36cdb2713ea35cfe5185__0  av-single-slide slide-1 slide-odd'><div data-rel='slideshow-1' class='avia-slide-wrap '   ><div class='av-slideshow-caption av-av_slideshow_full-85f7e3fd109e36cdb2713ea35cfe5185__0 caption_fullwidth caption_center'><div class=\"container caption_container\"><div class=\"slideshow_caption\"><div class=\"slideshow_inner_caption\"><div class=\"slideshow_align_caption\"><h2 class='avia-caption-title '  itemprop=\"name\" >Gewerblicher Rechtsschutz (Prosecution)<\/h2><\/div><\/div><\/div><\/div><\/div><img decoding=\"async\" class=\"wp-image-2555 avia-img-lazy-loading-not-2555\"  src=\"https:\/\/patent.se1910.com\/wp-content\/uploads\/2021\/09\/SE_HeaderImg_OurFirm_2.jpg\" width=\"1920\" height=\"500\" title='SE_HeaderImg_OurFirm_2' alt=''  itemprop=\"thumbnailUrl\"  style='min-height:300px; min-width:1152px; ' srcset=\"https:\/\/patent.se1910.com\/wp-content\/uploads\/2021\/09\/SE_HeaderImg_OurFirm_2.jpg 1920w, https:\/\/patent.se1910.com\/wp-content\/uploads\/2021\/09\/SE_HeaderImg_OurFirm_2-300x78.jpg 300w, https:\/\/patent.se1910.com\/wp-content\/uploads\/2021\/09\/SE_HeaderImg_OurFirm_2-1030x268.jpg 1030w, https:\/\/patent.se1910.com\/wp-content\/uploads\/2021\/09\/SE_HeaderImg_OurFirm_2-768x200.jpg 768w, https:\/\/patent.se1910.com\/wp-content\/uploads\/2021\/09\/SE_HeaderImg_OurFirm_2-1536x400.jpg 1536w, https:\/\/patent.se1910.com\/wp-content\/uploads\/2021\/09\/SE_HeaderImg_OurFirm_2-1500x391.jpg 1500w, https:\/\/patent.se1910.com\/wp-content\/uploads\/2021\/09\/SE_HeaderImg_OurFirm_2-705x184.jpg 705w, https:\/\/patent.se1910.com\/wp-content\/uploads\/2021\/09\/SE_HeaderImg_OurFirm_2-450x117.jpg 450w\" sizes=\"(max-width: 1920px) 100vw, 1920px\" \/><div class='av-section-color-overlay' style='opacity: 0.5; background-color: #232323; '><\/div><\/div><\/li><\/ul><\/div><\/div>\n<div id='av_section_1'  class='avia-section av-av_section-31779286dc2676a8567fef3678c764df main_color avia-section-default avia-no-shadow  avia-builder-el-1  el_after_av_slideshow_full  avia-builder-el-last  avia-bg-style-scroll container_wrap sidebar_right'  ><div class='container av-section-cont-open' ><div class='template-page content  av-content-small alpha units'><div class='post-entry post-entry-type-page post-entry-2131'><div class='entry-content-wrapper clearfix'>\n\n<style type=\"text\/css\" data-created_by=\"avia_inline_auto\" id=\"style-css-av-av_one_full-6126cab7d8fab8d08143dd2dacdf673c\">\n.flex_column.av-av_one_full-6126cab7d8fab8d08143dd2dacdf673c{\n-webkit-border-radius:0px 0px 0px 0px;\n-moz-border-radius:0px 0px 0px 0px;\nborder-radius:0px 0px 0px 0px;\npadding:0px 0px 0px 0px;\n}\n<\/style>\n<div  class='flex_column av-av_one_full-6126cab7d8fab8d08143dd2dacdf673c av_one_full  avia-builder-el-2  avia-builder-el-no-sibling  first flex_column_div av-zero-column-padding  '     ><p><section  class='av_textblock_section av-av_textblock-396ddf1f42196ca838231e61a4602801 '   itemscope=\"itemscope\" itemtype=\"https:\/\/schema.org\/CreativeWork\" ><div class='avia_textblock'  itemprop=\"text\" ><p>Unser Team von Patentanw\u00e4lten, die auf ihren jeweiligen technischen Fachgebieten langj\u00e4hrige Erfahrungen und Produktkenntnisse gesammelt haben, bietet unseren Mandanten individuelle Dienstleistungen von der Beratung bis zur Erteilung von Patenten, Gebrauchsmustern, Designs und Marken sowie der Nutzung der gew\u00e4hrten gewerblichen Schutzrechte.<br \/>\nDar\u00fcber hinaus verf\u00fcgen wir \u00fcber ein ausgedehntes Netzwerk von ausl\u00e4ndischen Patent- und Rechtsanwaltskanzleien, welches uns erm\u00f6glicht, unsere Mandanten bei der Verteidigung und Durchsetzung ihrer Schutzrechte in vielen verschiedenen Bereichen und L\u00e4ndern zu unterst\u00fctzen.<br \/>\nF\u00fcr die Durchsetzung der Schutzrechte arbeiten unsere Patentanw\u00e4lte eng mit unseren Rechtsanw\u00e4lten zusammen und entwickeln individuell an die Gesch\u00e4ftsinteressen unserer Mandanten angepasste Verhandlungs- und Prozessstrategien. Unser Team von japanischen und internationalen Mitarbeitern unterst\u00fctzt unsere Mandanten bei der Vorbereitung der notwendigen Anmeldeunterlagen sowie w\u00e4hrend des Anmeldeprozesses.<\/p>\n<\/div><\/section><br \/>\n<div  class='togglecontainer av-av_toggle_container-8e0c6e39d39b619a829887bd54fff3ed  avia-builder-el-4  el_after_av_textblock  el_before_av_hr  toggle_close_all' >\n<section class='av_toggle_section av-av_toggle-fdabf17ef03670c76ef14ca7ebf1d569'  itemscope=\"itemscope\" itemtype=\"https:\/\/schema.org\/CreativeWork\" ><div role=\"tablist\" class=\"single_toggle\" data-tags=\"{Alle} \"  ><p data-fake-id='#toggle-id-1' class='toggler   '  itemprop=\"headline\"  role='tab' tabindex='0' aria-controls='toggle-id-1'>Beratung<span class=\"toggle_icon\"><span class=\"vert_icon\"><\/span><span class=\"hor_icon\"><\/span><\/span><\/p><div id='toggle-id-1' class='toggle_wrap  '  ><div class='toggle_content invers-color '  itemprop=\"text\" ><p>Je nach dem Gegenstand des gewerblichen Rechtsschutzes beraten unsere auf den jeweiligen Gebieten kompetenten Patentanw\u00e4lte unsere Mandanten, wie ihre Erfindungen, Designs oder Marken bestm\u00f6glich gesch\u00fctzt werden k\u00f6nnen.<\/p>\n<\/div><\/div><\/div><\/section>\n<section class='av_toggle_section av-av_toggle-ab393fc081ae46908f0b5dec2c46f569'  itemscope=\"itemscope\" itemtype=\"https:\/\/schema.org\/CreativeWork\" ><div role=\"tablist\" class=\"single_toggle\" data-tags=\"{Alle} \"  ><p data-fake-id='#toggle-id-2' class='toggler   '  itemprop=\"headline\"  role='tab' tabindex='0' aria-controls='toggle-id-2'>Recherchen<span class=\"toggle_icon\"><span class=\"vert_icon\"><\/span><span class=\"hor_icon\"><\/span><\/span><\/p><div id='toggle-id-2' class='toggle_wrap  '  ><div class='toggle_content invers-color '  itemprop=\"text\" ><p>Wir f\u00fchren Recherchen zum Stand der Technik, FTO-Recherchen sowie zu Marken, Nichtigkeit und Verletzungen durch, die auf die individuellen Bed\u00fcrfnisse unserer Mandanten nach Zweck, Umfang und Dringlichkeit abgestimmt sind.<\/p>\n<\/div><\/div><\/div><\/section>\n<section class='av_toggle_section av-av_toggle-a2d770bd6eb90e7023d796a60710f692'  itemscope=\"itemscope\" itemtype=\"https:\/\/schema.org\/CreativeWork\" ><div role=\"tablist\" class=\"single_toggle\" data-tags=\"{Alle} \"  ><p data-fake-id='#toggle-id-3' class='toggler   '  itemprop=\"headline\"  role='tab' tabindex='0' aria-controls='toggle-id-3'>Einreichung von Anmeldungen<span class=\"toggle_icon\"><span class=\"vert_icon\"><\/span><span class=\"hor_icon\"><\/span><\/span><\/p><div id='toggle-id-3' class='toggle_wrap  '  ><div class='toggle_content invers-color '  itemprop=\"text\" ><p>Aufgrund unserer langj\u00e4hrigen Expertise und Erfahrung sowie Sprachkenntnisse in drei Sprachen (Deutsch, Japanisch und Englisch) sind wir in der Lage, alle notwendigen Unterlagen f\u00fcr die Einleitung der nationalen Phasen von PCT-Anmeldungen oder Nachanmeldungen in Japan, inklusive der \u00dcbersetzung des Anmeldetextes zu erstellen und zu besonderen Formalit\u00e4ten im japanischen Anmeldeverfahren zu beraten, um ein problemloses \u00dcberleiten der Anmeldungen unserer Mandanten zu gew\u00e4hrleisten.<br \/>\nDar\u00fcber hinaus k\u00f6nnen wir mit Hilfe unseres Partnerb\u00fcros in Peking, Sonderhoff &amp; Einsel (Beijing) Patent Agency Office, unsere Mandanten beim integrierten Management und der Kontrolle ihres geistigen Eigentums in Japan und China unterst\u00fctzen.<\/p>\n<\/div><\/div><\/div><\/section>\n<section class='av_toggle_section av-av_toggle-02c94b67b3896702ef0bce31adbeceaf'  itemscope=\"itemscope\" itemtype=\"https:\/\/schema.org\/CreativeWork\" ><div role=\"tablist\" class=\"single_toggle\" data-tags=\"{Alle} \"  ><p data-fake-id='#toggle-id-4' class='toggler   '  itemprop=\"headline\"  role='tab' tabindex='0' aria-controls='toggle-id-4'>Bescheidserwiderung<span class=\"toggle_icon\"><span class=\"vert_icon\"><\/span><span class=\"hor_icon\"><\/span><\/span><\/p><div id='toggle-id-4' class='toggle_wrap  '  ><div class='toggle_content invers-color '  itemprop=\"text\" ><p>Wir bieten die beste L\u00f6sung f\u00fcr Bescheidserwiderungen unter Ber\u00fccksichtigung der Pr\u00fcfungsrichtlinien, Gerichtsentscheidungen und der Gesch\u00e4ftspraxis unserer Mandanten.<\/p>\n<\/div><\/div><\/div><\/section>\n<section class='av_toggle_section av-av_toggle-70ee1a9a269e8ca983f626822f60e59a'  itemscope=\"itemscope\" itemtype=\"https:\/\/schema.org\/CreativeWork\" ><div role=\"tablist\" class=\"single_toggle\" data-tags=\"{Alle} \"  ><p data-fake-id='#toggle-id-5' class='toggler   '  itemprop=\"headline\"  role='tab' tabindex='0' aria-controls='toggle-id-5'>Nichtigkeitsklagen, Einspr\u00fcche und Verletzungsf\u00e4lle<span class=\"toggle_icon\"><span class=\"vert_icon\"><\/span><span class=\"hor_icon\"><\/span><\/span><\/p><div id='toggle-id-5' class='toggle_wrap  '  ><div class='toggle_content invers-color '  itemprop=\"text\" ><p>Wir bewerten die G\u00fcltigkeit eines Schutzrechtes und bereiten die notwendigen Unterlagen f\u00fcr einen Einspruch oder eine Nichtigkeitsklage bzw. L\u00f6schungsklage vor. Im Falle einer m\u00f6glichen Verletzung analysiert unser Team von Patentanw\u00e4lten und Rechtsanw\u00e4lten das relevante Produkt und den Schutzumfang des Schutzrechtes. Wenn eine m\u00f6gliche Verletzung festgestellt wird, unterst\u00fctzen wir unsere Mandanten bei der Vorbereitung von Warnschreiben, der Ausarbeitung von Schrifts\u00e4tzen und bei Verhandlungen vor Gericht oder mit der zust\u00e4ndigen Beh\u00f6rde.<\/p>\n<\/div><\/div><\/div><\/section>\n<section class='av_toggle_section av-av_toggle-56a743331bb8d9dc4e646b09d1563cb3'  itemscope=\"itemscope\" itemtype=\"https:\/\/schema.org\/CreativeWork\" ><div role=\"tablist\" class=\"single_toggle\" data-tags=\"{Alle} \"  ><p data-fake-id='#toggle-id-6' class='toggler   '  itemprop=\"headline\"  role='tab' tabindex='0' aria-controls='toggle-id-6'>Lizenzen<span class=\"toggle_icon\"><span class=\"vert_icon\"><\/span><span class=\"hor_icon\"><\/span><\/span><\/p><div id='toggle-id-6' class='toggle_wrap  '  ><div class='toggle_content invers-color '  itemprop=\"text\" ><p>F\u00fcr Lizenzgeber arbeiten unsere Patentanw\u00e4lte und Rechtsanw\u00e4lte eng zusammen, um den Schutz des Patentportfolios unserer Mandanten durch sorgf\u00e4ltig ausgearbeitete Lizenzvereinbarung sicherzustellen. Lizenznehmern helfen wir, gerechte und auf die Gesch\u00e4fte des Lizenznehmers abgestimmte Lizenzvereinbarungen zu treffen, die klar die Nutzung des Schutzrechts der lizenzgebenden Partei festlegen.<\/p>\n<\/div><\/div><\/div><\/section>\n<\/div><br \/>\n\n<style type=\"text\/css\" data-created_by=\"avia_inline_auto\" id=\"style-css-av-av_hr-4474f20d2389e2e5ecf918a02da5132e\">\n#top .hr.hr-invisible.av-av_hr-4474f20d2389e2e5ecf918a02da5132e{\nheight:50px;\n}\n<\/style>\n<div  class='hr av-av_hr-4474f20d2389e2e5ecf918a02da5132e hr-invisible  avia-builder-el-5  el_after_av_toggle_container  el_before_av_heading '><span class='hr-inner '><span class=\"hr-inner-style\"><\/span><\/span><\/div><br \/>\n\n<style type=\"text\/css\" data-created_by=\"avia_inline_auto\" id=\"style-css-av-av_heading-e5c5ac85338da0c885ebe07a1d5a56dc\">\n#top .av-special-heading.av-av_heading-e5c5ac85338da0c885ebe07a1d5a56dc{\npadding-bottom:10px;\n}\nbody .av-special-heading.av-av_heading-e5c5ac85338da0c885ebe07a1d5a56dc .av-special-heading-tag .heading-char{\nfont-size:25px;\n}\n.av-special-heading.av-av_heading-e5c5ac85338da0c885ebe07a1d5a56dc .av-subheading{\nfont-size:15px;\n}\n<\/style>\n<div  class='av-special-heading av-av_heading-e5c5ac85338da0c885ebe07a1d5a56dc av-special-heading-h2 blockquote modern-quote  avia-builder-el-6  el_after_av_hr  el_before_av_hr '><h2 class='av-special-heading-tag'  itemprop=\"headline\"  >T\u00e4tigkeitsbereiche<\/h2><div class=\"special-heading-border\"><div class=\"special-heading-inner-border\"><\/div><\/div><\/div><br \/>\n<div  class='hr av-av_hr-dcd2069817a0e3d34ae04cad8f3443c7 hr-default  avia-builder-el-7  el_after_av_heading  el_before_av_heading '><span class='hr-inner '><span class=\"hr-inner-style\"><\/span><\/span><\/div><br \/>\n\n<style type=\"text\/css\" data-created_by=\"avia_inline_auto\" id=\"style-css-av-av_heading-5e09c8a805716a05fcbb2a71298d39ae\">\n#top .av-special-heading.av-av_heading-5e09c8a805716a05fcbb2a71298d39ae{\npadding-bottom:10px;\n}\nbody .av-special-heading.av-av_heading-5e09c8a805716a05fcbb2a71298d39ae .av-special-heading-tag .heading-char{\nfont-size:25px;\n}\n.av-special-heading.av-av_heading-5e09c8a805716a05fcbb2a71298d39ae .av-subheading{\nfont-size:15px;\n}\n<\/style>\n<div  class='av-special-heading av-av_heading-5e09c8a805716a05fcbb2a71298d39ae av-special-heading-h3 blockquote modern-quote  avia-builder-el-8  el_after_av_hr  el_before_av_textblock '><h3 class='av-special-heading-tag'  itemprop=\"headline\"  >Patente <span class='special_amp'>&amp;<\/span> Gebrauchsmuster<\/h3><div class=\"special-heading-border\"><div class=\"special-heading-inner-border\"><\/div><\/div><\/div><br \/>\n<section  class='av_textblock_section av-av_textblock-396ddf1f42196ca838231e61a4602801 '   itemscope=\"itemscope\" itemtype=\"https:\/\/schema.org\/CreativeWork\" ><div class='avia_textblock'  itemprop=\"text\" ><p>Im Rahmen des gewerblichen Rechtsschutzes stellen Patente seit jeher unsere St\u00e4rke dar. Wir bieten schnellen und zuverl\u00e4ssigen Service bei Beratung im Anmeldeverfahren, bei der Durchsetzung und Verteidigung vor Gericht und bei Lizenzverhandlungen.<\/p>\n<p><a href=\"http:\/\/se1910.com\/de\/practices\/intellectual-property\/patents-utility-models\/\"><u>Mehr<\/u><\/a><\/p>\n<\/div><\/section><br \/>\n\n<style type=\"text\/css\" data-created_by=\"avia_inline_auto\" id=\"style-css-av-av_hr-616cd310f4c6bf63bbd1f033802c1165\">\n#top .hr.hr-invisible.av-av_hr-616cd310f4c6bf63bbd1f033802c1165{\nheight:20px;\n}\n<\/style>\n<div  class='hr av-av_hr-616cd310f4c6bf63bbd1f033802c1165 hr-invisible  avia-builder-el-10  el_after_av_textblock  el_before_av_heading '><span class='hr-inner '><span class=\"hr-inner-style\"><\/span><\/span><\/div><br \/>\n\n<style type=\"text\/css\" data-created_by=\"avia_inline_auto\" id=\"style-css-av-av_heading-a88979f966b6b5783c77ee754b3e6200\">\n#top .av-special-heading.av-av_heading-a88979f966b6b5783c77ee754b3e6200{\npadding-bottom:10px;\n}\nbody .av-special-heading.av-av_heading-a88979f966b6b5783c77ee754b3e6200 .av-special-heading-tag .heading-char{\nfont-size:25px;\n}\n.av-special-heading.av-av_heading-a88979f966b6b5783c77ee754b3e6200 .av-subheading{\nfont-size:15px;\n}\n<\/style>\n<div  class='av-special-heading av-av_heading-a88979f966b6b5783c77ee754b3e6200 av-special-heading-h3 blockquote modern-quote  avia-builder-el-11  el_after_av_hr  el_before_av_textblock '><h3 class='av-special-heading-tag'  itemprop=\"headline\"  >Marken<\/h3><div class=\"special-heading-border\"><div class=\"special-heading-inner-border\"><\/div><\/div><\/div><br \/>\n<section  class='av_textblock_section av-av_textblock-396ddf1f42196ca838231e61a4602801 '   itemscope=\"itemscope\" itemtype=\"https:\/\/schema.org\/CreativeWork\" ><div class='avia_textblock'  itemprop=\"text\" ><p>Die Registrierung einer wirksamen Marke ist nur dann m\u00f6glich, wenn eine f\u00fcr Japan angemessene Anmeldestrategie gew\u00e4hlt wird. Unsere auf Marken spezialisierten Patentanw\u00e4lte verf\u00fcgen \u00fcber umfangreiche Erfahrungen im Anmelde- und Pr\u00fcfungsverfahren und unterst\u00fctzen unsere Mandanten bei der Ausarbeitung Ihrer Strategie sowie bei Detailfragen zum Anmeldeverfahren.<\/p>\n<p><a href=\"http:\/\/se1910.com\/de\/practices\/intellectual-property\/trademarks\/\"><u>Mehr<\/u><\/a><\/p>\n<\/div><\/section><br \/>\n\n<style type=\"text\/css\" data-created_by=\"avia_inline_auto\" id=\"style-css-av-av_hr-616cd310f4c6bf63bbd1f033802c1165\">\n#top .hr.hr-invisible.av-av_hr-616cd310f4c6bf63bbd1f033802c1165{\nheight:20px;\n}\n<\/style>\n<div  class='hr av-av_hr-616cd310f4c6bf63bbd1f033802c1165 hr-invisible  avia-builder-el-13  el_after_av_textblock  el_before_av_heading '><span class='hr-inner '><span class=\"hr-inner-style\"><\/span><\/span><\/div><br \/>\n\n<style type=\"text\/css\" data-created_by=\"avia_inline_auto\" id=\"style-css-av-av_heading-327162daffc0ca7df40ea0844197f5a4\">\n#top .av-special-heading.av-av_heading-327162daffc0ca7df40ea0844197f5a4{\npadding-bottom:10px;\n}\nbody .av-special-heading.av-av_heading-327162daffc0ca7df40ea0844197f5a4 .av-special-heading-tag .heading-char{\nfont-size:25px;\n}\n.av-special-heading.av-av_heading-327162daffc0ca7df40ea0844197f5a4 .av-subheading{\nfont-size:15px;\n}\n<\/style>\n<div  class='av-special-heading av-av_heading-327162daffc0ca7df40ea0844197f5a4 av-special-heading-h3 blockquote modern-quote  avia-builder-el-14  el_after_av_hr  el_before_av_textblock '><h3 class='av-special-heading-tag'  itemprop=\"headline\"  >Designs<\/h3><div class=\"special-heading-border\"><div class=\"special-heading-inner-border\"><\/div><\/div><\/div><br \/>\n<section  class='av_textblock_section av-av_textblock-396ddf1f42196ca838231e61a4602801 '   itemscope=\"itemscope\" itemtype=\"https:\/\/schema.org\/CreativeWork\" ><div class='avia_textblock'  itemprop=\"text\" ><p>Unsere auf Designs spezialisierten Patentanw\u00e4lte bieten unseren Mandanten Rat und Unterst\u00fctzung w\u00e4hrend des gesamten Registrierverfahrens, beginnend mit der Suche nach bereits registrierten Designs bis zur Anmeldung und \u00dcberwachung der Rechte nach der Registrierung.<\/p>\n<p><a href=\"http:\/\/se1910.com\/de\/practices\/intellectual-property\/designs\/\"><u>Mehr<\/u><\/a><\/p>\n<\/div><\/section><br \/>\n<div  class='avia-button-wrap av-av_button-6b597c42f6ddc87ab4f195fb06e227e7-wrap avia-button-left  avia-builder-el-16  el_after_av_textblock  avia-builder-el-last '><a href='https:\/\/patent.se1910.com\/links\/'  class='avia-button av-av_button-6b597c42f6ddc87ab4f195fb06e227e7 avia-icon_select-no avia-size-small avia-position-left avia-color-theme-color'  ><span class='avia_iconbox_title' >Links<\/span><\/a><\/div><\/p><\/div>\n<\/div><\/div><\/div><!-- close content main div --><\/div><\/div><div id='after_section_1'  class='main_color av_default_container_wrap container_wrap sidebar_right'  ><div class='container av-section-cont-open' ><div class='template-page content  av-content-small alpha units'><div class='post-entry post-entry-type-page post-entry-2131'><div class='entry-content-wrapper clearfix'>\n","protected":false},"excerpt":{"rendered":"","protected":false},"author":9,"featured_media":0,"parent":1942,"menu_order":0,"comment_status":"closed","ping_status":"closed","template":"","meta":{"_acf_changed":false,"footnotes":""},"class_list":["post-2131","page","type-page","status-publish","hentry"],"acf":[],"_links":{"self":[{"href":"https:\/\/patent.se1910.com\/de\/wp-json\/wp\/v2\/pages\/2131","targetHints":{"allow":["GET"]}}],"collection":[{"href":"https:\/\/patent.se1910.com\/de\/wp-json\/wp\/v2\/pages"}],"about":[{"href":"https:\/\/patent.se1910.com\/de\/wp-json\/wp\/v2\/types\/page"}],"author":[{"embeddable":true,"href":"https:\/\/patent.se1910.com\/de\/wp-json\/wp\/v2\/users\/9"}],"replies":[{"embeddable":true,"href":"https:\/\/patent.se1910.com\/de\/wp-json\/wp\/v2\/comments?post=2131"}],"version-history":[{"count":6,"href":"https:\/\/patent.se1910.com\/de\/wp-json\/wp\/v2\/pages\/2131\/revisions"}],"predecessor-version":[{"id":4055,"href":"https:\/\/patent.se1910.com\/de\/wp-json\/wp\/v2\/pages\/2131\/revisions\/4055"}],"up":[{"embeddable":true,"href":"https:\/\/patent.se1910.com\/de\/wp-json\/wp\/v2\/pages\/1942"}],"wp:attachment":[{"href":"https:\/\/patent.se1910.com\/de\/wp-json\/wp\/v2\/media?parent=2131"}],"curies":[{"name":"wp","href":"https:\/\/api.w.org\/{rel}","templated":true}]}}