{"id":6342,"date":"2022-12-02T14:41:18","date_gmt":"2022-12-02T05:41:18","guid":{"rendered":"https:\/\/se1910.com\/practices\/intellectual-property-prosecution\/patents-utility-models\/"},"modified":"2022-12-02T19:33:54","modified_gmt":"2022-12-02T10:33:54","slug":"patents-utility-models","status":"publish","type":"page","link":"https:\/\/patent.se1910.com\/de\/practices\/intellectual-property-prosecution\/patents-utility-models\/","title":{"rendered":"Patente &#038; Gebrauchsmuster"},"content":{"rendered":"\n<style type=\"text\/css\" data-created_by=\"avia_inline_auto\" id=\"style-css-av-av_section-8dcf0e865d1070a32a4f61a761f144a3\">\n.avia-section.av-av_section-8dcf0e865d1070a32a4f61a761f144a3 .av-parallax .av-parallax-inner{\nbackground-repeat:no-repeat;\nbackground-image:url(https:\/\/patent.se1910.com\/wp-content\/uploads\/2021\/09\/SE_HeaderImg_OurFirm_2.jpg);\nbackground-position:50% 50%;\nbackground-attachment:scroll;\n}\n.avia-section.av-av_section-8dcf0e865d1070a32a4f61a761f144a3 .av-section-color-overlay{\nopacity:0.5;\nbackground-color:#232323;\n}\n<\/style>\n<div id='av_section_1'  class='avia-section av-av_section-8dcf0e865d1070a32a4f61a761f144a3 main_color avia-section-huge avia-no-border-styling  avia-builder-el-0  el_before_av_section  avia-builder-el-first  av-parallax-section avia-bg-style-parallax av-section-color-overlay-active av-minimum-height av-minimum-height-25 av-height-25  container_wrap sidebar_right'  data-section-bg-repeat='no-repeat' data-av_minimum_height_pc='25' data-av_min_height_opt='25'><div class='av-parallax' data-avia-parallax-ratio='0.3' ><div class='av-parallax-inner main_color avia-full-stretch'><\/div><\/div><div class=\"av-section-color-overlay-wrap\"><div class=\"av-section-color-overlay\"><\/div><a href='#next-section' title='' class='scroll-down-link ' aria-hidden='true' data-av_icon='\ue877' data-av_iconfont='entypo-fontello'><\/a><div class='container av-section-cont-open' ><main  role=\"main\" itemprop=\"mainContentOfPage\"  class='template-page content  av-content-small alpha units'><div class='post-entry post-entry-type-page post-entry-6342'><div class='entry-content-wrapper clearfix'>\n\n<style type=\"text\/css\" data-created_by=\"avia_inline_auto\" id=\"style-css-av-av_heading-857060c3803a37b7b3c1fb15ff4f0351\">\n#top .av-special-heading.av-av_heading-857060c3803a37b7b3c1fb15ff4f0351{\npadding-bottom:10px;\ncolor:#ffffff;\n}\nbody .av-special-heading.av-av_heading-857060c3803a37b7b3c1fb15ff4f0351 .av-special-heading-tag .heading-char{\nfont-size:25px;\n}\n.av-special-heading.av-av_heading-857060c3803a37b7b3c1fb15ff4f0351 .special-heading-inner-border{\nborder-color:#ffffff;\n}\n.av-special-heading.av-av_heading-857060c3803a37b7b3c1fb15ff4f0351 .av-subheading{\nfont-size:15px;\n}\n<\/style>\n<div  class='av-special-heading av-av_heading-857060c3803a37b7b3c1fb15ff4f0351 av-special-heading-h1 custom-color-heading blockquote modern-quote modern-centered  avia-builder-el-1  el_before_av_hr  avia-builder-el-first '><h1 class='av-special-heading-tag'  itemprop=\"headline\"  >Patente <span class='special_amp'>&amp;<\/span> Gebrauchsmuster<\/h1><div class=\"special-heading-border\"><div class=\"special-heading-inner-border\"><\/div><\/div><\/div>\n<div  class='hr av-av_hr-34b6fe9e9f66a46e6d69cf6e4e15f130 hr-short  avia-builder-el-2  el_after_av_heading  avia-builder-el-last  hr-center'><span class='hr-inner '><span class=\"hr-inner-style\"><\/span><\/span><\/div>\n\n<\/div><\/div><\/main><!-- close content main element --><\/div><\/div><\/div><div id='av_section_2'  class='avia-section av-av_section-31779286dc2676a8567fef3678c764df main_color avia-section-default avia-no-shadow  avia-builder-el-3  el_after_av_section  avia-builder-el-last  avia-bg-style-scroll container_wrap sidebar_right'  ><div class='container av-section-cont-open' ><div class='template-page content  av-content-small alpha units'><div class='post-entry post-entry-type-page post-entry-6342'><div class='entry-content-wrapper clearfix'>\n\n<style type=\"text\/css\" data-created_by=\"avia_inline_auto\" id=\"style-css-av-av_one_full-6126cab7d8fab8d08143dd2dacdf673c\">\n.flex_column.av-av_one_full-6126cab7d8fab8d08143dd2dacdf673c{\n-webkit-border-radius:0px 0px 0px 0px;\n-moz-border-radius:0px 0px 0px 0px;\nborder-radius:0px 0px 0px 0px;\npadding:0px 0px 0px 0px;\n}\n<\/style>\n<div  class='flex_column av-av_one_full-6126cab7d8fab8d08143dd2dacdf673c av_one_full  avia-builder-el-4  avia-builder-el-no-sibling  first flex_column_div av-zero-column-padding  '     ><p><section  class='av_textblock_section av-av_textblock-396ddf1f42196ca838231e61a4602801 '   itemscope=\"itemscope\" itemtype=\"https:\/\/schema.org\/CreativeWork\" ><div class='avia_textblock'  itemprop=\"text\" ><p>Im Rahmen des gewerblichen Rechtsschutzes stellen Patente seit jeher unsere St\u00e4rke dar. Wir bieten schnellen und zuverl\u00e4ssigen Service bei Beratung im Anmeldeverfahren, bei der Durchsetzung und Verteidigung vor Gericht und bei Lizenzverhandlungen.<br \/>\nWir haben uns auf die folgenden Fachgebiete spezialisiert:<\/p>\n<\/div><\/section><br \/>\n<div  class='togglecontainer av-av_toggle_container-8e0c6e39d39b619a829887bd54fff3ed  avia-builder-el-6  el_after_av_textblock  avia-builder-el-last  toggle_close_all' >\n<section class='av_toggle_section av-av_toggle-7218c37d37f93b41307a1205b1800c9d'  itemscope=\"itemscope\" itemtype=\"https:\/\/schema.org\/CreativeWork\" ><div role=\"tablist\" class=\"single_toggle\" data-tags=\"{Alle} \"  ><p data-fake-id='#toggle-id-1' class='toggler   '  itemprop=\"headline\"  role='tab' tabindex='0' aria-controls='toggle-id-1'>Physik \/ Maschinenbau \/ Mechanik<span class=\"toggle_icon\"><span class=\"vert_icon\"><\/span><span class=\"hor_icon\"><\/span><\/span><\/p><div id='toggle-id-1' class='toggle_wrap  '  ><div class='toggle_content invers-color '  itemprop=\"text\" ><p>Auf dem Gebiet der Physik konzentrieren wir uns auf Halbleitertechnologie, insbesondere auf Entwicklung, Bearbeitung und Anwendung aktiver und passiver Elemente inklusive Modultechnik. Dar\u00fcber hinaus verf\u00fcgen wir \u00fcber Expertise auf den Gebieten der Optoelektronik sowie Solartechnik, Verfahrenstechnik, Lasertechnik, Sensortechnik, Brennstoffzellensysteme, Kabeltechnik, Medizintechnik, Fahrzeugtechnik, Baumaschinen, Maschinenbau, Mechatronik \u00fcber Verpackungstechnik, Papierherstellung und Bauwesen.<br \/>\n<a href=\"https:\/\/se1910.com\/de\/physics-mechanical-engineering-mechanics\/\"><u>Unser Team f\u00fcr Sie<\/u><\/a><\/p>\n<\/div><\/div><\/div><\/section>\n<section class='av_toggle_section av-av_toggle-3cace2abc5ee3acb3b889d2310c9ff65'  itemscope=\"itemscope\" itemtype=\"https:\/\/schema.org\/CreativeWork\" ><div role=\"tablist\" class=\"single_toggle\" data-tags=\"{Alle} \"  ><p data-fake-id='#toggle-id-2' class='toggler   '  itemprop=\"headline\"  role='tab' tabindex='0' aria-controls='toggle-id-2'>Elektrotechnik \/ Informationstechnologie<span class=\"toggle_icon\"><span class=\"vert_icon\"><\/span><span class=\"hor_icon\"><\/span><\/span><\/p><div id='toggle-id-2' class='toggle_wrap  '  ><div class='toggle_content invers-color '  itemprop=\"text\" ><p>Auf dem Gebiet der Elektrotechnik und Informationstechnologie bieten unsere Experten Unterst\u00fctzung in allen Bereichen: von Unterhaltungselektronik bis Computersoftware und -hardware, Telekommunikation, Automatisierungs- und Steuerungstechnik, Bildverarbeitung und Halbleitertechnologie.<br \/>\n<a href=\"https:\/\/se1910.com\/de\/electrical-engineering-information-technology\/\"><u>Unser Team f\u00fcr Sie<\/u><\/a><\/p>\n<\/div><\/div><\/div><\/section>\n<section class='av_toggle_section av-av_toggle-72a75bf767ca536959e0ed756cce31c8'  itemscope=\"itemscope\" itemtype=\"https:\/\/schema.org\/CreativeWork\" ><div role=\"tablist\" class=\"single_toggle\" data-tags=\"{Alle} \"  ><p data-fake-id='#toggle-id-3' class='toggler   '  itemprop=\"headline\"  role='tab' tabindex='0' aria-controls='toggle-id-3'>Chemie \/ Materialforschung<span class=\"toggle_icon\"><span class=\"vert_icon\"><\/span><span class=\"hor_icon\"><\/span><\/span><\/p><div id='toggle-id-3' class='toggle_wrap  '  ><div class='toggle_content invers-color '  itemprop=\"text\" ><p>Durch mehr als 100-j\u00e4hrige Erfahrung auf dem Gebiet des gewerblichen Rechtsschutzes konnten wir Wissen und Expertise auf dem Gebiet der Chemie, Pharmazie und Materialforschung sammeln. Wir sind auf organische und anorganische Chemie, Polymerchemie, technische Chemie, chemische und andere Prozesstechniken, Baumaterialien und Beschichtungen, Medizin- und Pharmazietechnik, Arzneimittelkunde, Halbleitertechnologie, Nanowerkstoffe und dergleichen spezialisiert.<br \/>\n<a href=\"https:\/\/se1910.com\/de\/chemistry-material-science\/\"><u>Unser Team f\u00fcr Sie<\/u><\/a><\/p>\n<\/div><\/div><\/div><\/section>\n<section class='av_toggle_section av-av_toggle-315a3c5bbadb11562705eb5c510d47dd'  itemscope=\"itemscope\" itemtype=\"https:\/\/schema.org\/CreativeWork\" ><div role=\"tablist\" class=\"single_toggle\" data-tags=\"{Alle} \"  ><p data-fake-id='#toggle-id-4' class='toggler   '  itemprop=\"headline\"  role='tab' tabindex='0' aria-controls='toggle-id-4'>Pharmazie \/ Biowissenschaften und Biotechnologie<span class=\"toggle_icon\"><span class=\"vert_icon\"><\/span><span class=\"hor_icon\"><\/span><\/span><\/p><div id='toggle-id-4' class='toggle_wrap  '  ><div class='toggle_content invers-color '  itemprop=\"text\" ><p>Im letzten Jahrzehnt haben sich Pharmazie, Biowissenschaften und Biotechnologie rapide entwickelt und wir befassen uns mit den dabei f\u00fchrenden Technologien. Insbesondere haben wir Erfahrungen auf den Gebieten der Technologie geklonter Gene und deren Anwendung, rekombinanter Proteine, Antik\u00f6rper, Nukleins\u00e4uren sowie transgener Tiere und Pflanzen und rekombinanter Viren.<br \/>\n<a href=\"https:\/\/se1910.com\/de\/pharmaceutics-biotechnology-and-life-science\/\"><u>Unser Team f\u00fcr Sie<\/u><\/a><\/p>\n<\/div><\/div><\/div><\/section>\n<\/div><\/p><\/div><\/div><\/div><\/div><!-- close content main div --><\/div><\/div><div id='after_section_2'  class='main_color av_default_container_wrap container_wrap sidebar_right'  ><div class='container av-section-cont-open' ><div class='template-page content  av-content-small alpha units'><div class='post-entry post-entry-type-page post-entry-6342'><div class='entry-content-wrapper clearfix'>\n","protected":false},"excerpt":{"rendered":"","protected":false},"author":9,"featured_media":0,"parent":2131,"menu_order":0,"comment_status":"closed","ping_status":"closed","template":"","meta":{"_acf_changed":false,"footnotes":""},"class_list":["post-6342","page","type-page","status-publish","hentry"],"acf":[],"_links":{"self":[{"href":"https:\/\/patent.se1910.com\/de\/wp-json\/wp\/v2\/pages\/6342","targetHints":{"allow":["GET"]}}],"collection":[{"href":"https:\/\/patent.se1910.com\/de\/wp-json\/wp\/v2\/pages"}],"about":[{"href":"https:\/\/patent.se1910.com\/de\/wp-json\/wp\/v2\/types\/page"}],"author":[{"embeddable":true,"href":"https:\/\/patent.se1910.com\/de\/wp-json\/wp\/v2\/users\/9"}],"replies":[{"embeddable":true,"href":"https:\/\/patent.se1910.com\/de\/wp-json\/wp\/v2\/comments?post=6342"}],"version-history":[{"count":6,"href":"https:\/\/patent.se1910.com\/de\/wp-json\/wp\/v2\/pages\/6342\/revisions"}],"predecessor-version":[{"id":6346,"href":"https:\/\/patent.se1910.com\/de\/wp-json\/wp\/v2\/pages\/6342\/revisions\/6346"}],"up":[{"embeddable":true,"href":"https:\/\/patent.se1910.com\/de\/wp-json\/wp\/v2\/pages\/2131"}],"wp:attachment":[{"href":"https:\/\/patent.se1910.com\/de\/wp-json\/wp\/v2\/media?parent=6342"}],"curies":[{"name":"wp","href":"https:\/\/api.w.org\/{rel}","templated":true}]}}