{"id":6357,"date":"2022-12-02T14:59:21","date_gmt":"2022-12-02T05:59:21","guid":{"rendered":"https:\/\/se1910.com\/practices\/intellectual-property-prosecution\/trademarks\/"},"modified":"2022-12-02T15:09:02","modified_gmt":"2022-12-02T06:09:02","slug":"trademarks","status":"publish","type":"page","link":"https:\/\/patent.se1910.com\/de\/practices\/intellectual-property-prosecution\/trademarks\/","title":{"rendered":"Marken"},"content":{"rendered":"\n<style type=\"text\/css\" data-created_by=\"avia_inline_auto\" id=\"style-css-av-av_section-8dcf0e865d1070a32a4f61a761f144a3\">\n.avia-section.av-av_section-8dcf0e865d1070a32a4f61a761f144a3 .av-parallax .av-parallax-inner{\nbackground-repeat:no-repeat;\nbackground-image:url(https:\/\/patent.se1910.com\/wp-content\/uploads\/2021\/09\/SE_HeaderImg_OurFirm_2.jpg);\nbackground-position:50% 50%;\nbackground-attachment:scroll;\n}\n.avia-section.av-av_section-8dcf0e865d1070a32a4f61a761f144a3 .av-section-color-overlay{\nopacity:0.5;\nbackground-color:#232323;\n}\n<\/style>\n<div id='av_section_1'  class='avia-section av-av_section-8dcf0e865d1070a32a4f61a761f144a3 main_color avia-section-huge avia-no-border-styling  avia-builder-el-0  el_before_av_section  avia-builder-el-first  av-parallax-section avia-bg-style-parallax av-section-color-overlay-active av-minimum-height av-minimum-height-25 av-height-25  container_wrap sidebar_right'  data-section-bg-repeat='no-repeat' data-av_minimum_height_pc='25' data-av_min_height_opt='25'><div class='av-parallax' data-avia-parallax-ratio='0.3' ><div class='av-parallax-inner main_color avia-full-stretch'><\/div><\/div><div class=\"av-section-color-overlay-wrap\"><div class=\"av-section-color-overlay\"><\/div><a href='#next-section' title='' class='scroll-down-link ' aria-hidden='true' data-av_icon='\ue877' data-av_iconfont='entypo-fontello'><\/a><div class='container av-section-cont-open' ><main  role=\"main\" itemprop=\"mainContentOfPage\"  class='template-page content  av-content-small alpha units'><div class='post-entry post-entry-type-page post-entry-6357'><div class='entry-content-wrapper clearfix'>\n\n<style type=\"text\/css\" data-created_by=\"avia_inline_auto\" id=\"style-css-av-av_heading-318f6000f76aafcdee182a1279e9b1b4\">\n#top .av-special-heading.av-av_heading-318f6000f76aafcdee182a1279e9b1b4{\npadding-bottom:10px;\ncolor:#ffffff;\n}\nbody .av-special-heading.av-av_heading-318f6000f76aafcdee182a1279e9b1b4 .av-special-heading-tag .heading-char{\nfont-size:25px;\n}\n.av-special-heading.av-av_heading-318f6000f76aafcdee182a1279e9b1b4 .special-heading-inner-border{\nborder-color:#ffffff;\n}\n.av-special-heading.av-av_heading-318f6000f76aafcdee182a1279e9b1b4 .av-subheading{\nfont-size:15px;\n}\n<\/style>\n<div  class='av-special-heading av-av_heading-318f6000f76aafcdee182a1279e9b1b4 av-special-heading-h1 custom-color-heading blockquote modern-quote modern-centered  avia-builder-el-1  el_before_av_hr  avia-builder-el-first '><h1 class='av-special-heading-tag'  itemprop=\"headline\"  >Marken<\/h1><div class=\"special-heading-border\"><div class=\"special-heading-inner-border\"><\/div><\/div><\/div>\n<div  class='hr av-av_hr-34b6fe9e9f66a46e6d69cf6e4e15f130 hr-short  avia-builder-el-2  el_after_av_heading  avia-builder-el-last  hr-center'><span class='hr-inner '><span class=\"hr-inner-style\"><\/span><\/span><\/div>\n<\/div><\/div><\/main><!-- close content main element --><\/div><\/div><\/div><div id='av_section_2'  class='avia-section av-av_section-31779286dc2676a8567fef3678c764df main_color avia-section-default avia-no-shadow  avia-builder-el-3  el_after_av_section  avia-builder-el-last  avia-bg-style-scroll container_wrap sidebar_right'  ><div class='container av-section-cont-open' ><div class='template-page content  av-content-small alpha units'><div class='post-entry post-entry-type-page post-entry-6357'><div class='entry-content-wrapper clearfix'>\n\n<style type=\"text\/css\" data-created_by=\"avia_inline_auto\" id=\"style-css-av-av_one_full-6126cab7d8fab8d08143dd2dacdf673c\">\n.flex_column.av-av_one_full-6126cab7d8fab8d08143dd2dacdf673c{\n-webkit-border-radius:0px 0px 0px 0px;\n-moz-border-radius:0px 0px 0px 0px;\nborder-radius:0px 0px 0px 0px;\npadding:0px 0px 0px 0px;\n}\n<\/style>\n<div  class='flex_column av-av_one_full-6126cab7d8fab8d08143dd2dacdf673c av_one_full  avia-builder-el-4  avia-builder-el-no-sibling  first flex_column_div av-zero-column-padding  '     ><section  class='av_textblock_section av-av_textblock-396ddf1f42196ca838231e61a4602801 '   itemscope=\"itemscope\" itemtype=\"https:\/\/schema.org\/CreativeWork\" ><div class='avia_textblock'  itemprop=\"text\" ><div class=\"wpb_text_column wpb_content_element \">\n<div class=\"wpb_wrapper\">\n<div class=\"wpb_text_column wpb_content_element \">\n<div class=\"wpb_wrapper\">\n<p>Die Registrierung einer wirksamen Marke ist nur dann m\u00f6glich, wenn eine f\u00fcr Japan angemessene Anmeldestrategie gew\u00e4hlt wird. Unsere auf Marken spezialisierten Patentanw\u00e4lte verf\u00fcgen \u00fcber umfangreiche Erfahrungen im Anmelde- und Pr\u00fcfungsverfahren und unterst\u00fctzen unsere Mandanten bei der Ausarbeitung Ihrer Strategie sowie bei Detailfragen zum Anmeldeverfahren.<\/p>\n<p>Eine Hauptproblematik in der Japanischen Markenpraxis ist die Frage, wie mit den verschiedenen M\u00f6glichkeiten umgegangen wird, die die unterschiedlichen Schriftsysteme bieten, da ein Begriff in einem der drei in Japan \u00fcblichen Schriftsysteme (chinesische Schriftzeichen (Kanji); Hiragana- oder Katakana-Silbenschrift) oder in lateinischer Schrift geschrieben werden kann. Wir bieten wertvollen Rat, wenn es darum geht, welche Marke ein Unternehmen in bestimmten Situationen registrieren lassen sollte, um den bestm\u00f6glichen Erfolg auf dem Japanischen Markt zu erzielen. Im Auftrag unserer Mandanten f\u00fchren wir Markenrecherchen vor einer m\u00f6glichen Anmeldung durch, weshalb wir in der Lage sind, alternative Strategien anzubieten, falls sich ein Konflikt mit bereits existierenden Marken ergibt.<\/p>\n<p>Eine weitere St\u00e4rke ist die Durchsetzung von Markenrechten basierend auf dem Markengesetz und dem Gesetz gegen unlauteren Wettbewerb. Die Registrierung der Marken beim Japanischen Zoll hat sich als effektives Mittel erwiesen, um zu verhindern, dass gef\u00e4lschte G\u00fcter nach Japan eingef\u00fchrt werden. Eine andere proaktive Vorgehensweise ist die Registrierung einer sogenannten Defensivmarke, was als eine Art Privileg f\u00fcr die Inhaber ber\u00fchmter Marken angesehen werden kann. Detaillierte Informationen k\u00f6nnen Sie in unserer\u00a0<a href=\"https:\/\/se1910.com\/de\/info-center\/\">Infothek<\/a>\u00a0finden, wo wir h\u00e4ufig gestellte Fragen<a href=\"http:\/\/techace.co.in\/se1910\/info-center\/trademarks-faq\/\">\u00a0(FAQ)<\/a>\u00a0beantworten, und Artikel zu bestimmtem Themen, wie\u00a0<a href=\"https:\/\/se1910.com\/about-trademarks-in-japan-2\/\">neue Arten von Marken\u00a0<\/a>oder unsere Empfehlungen zu\u00a0<a href=\"https:\/\/se1910.com\/about-trademarks-in-japan-1\/\">Markenrecherchen<\/a>\u00a0anbieten.<\/p>\n<\/div>\n<\/div>\n<div class=\"wpb_text_column wpb_content_element \">\n<div class=\"wpb_wrapper\">\n<p><a href=\"https:\/\/se1910.com\/de\/trademarks-team\/\"><u>Unser Team f\u00fcr Sie<\/u><\/a><\/p>\n<\/div>\n<\/div>\n<\/div>\n<\/div>\n<div class=\"wpb_text_column wpb_content_element \">\n<div class=\"wpb_wrapper\"><\/div>\n<\/div>\n<\/div><\/section><\/div><\/div><\/div><\/div><!-- close content main div --><\/div><\/div><div id='after_section_2'  class='main_color av_default_container_wrap container_wrap sidebar_right'  ><div class='container av-section-cont-open' ><div class='template-page content  av-content-small alpha units'><div class='post-entry post-entry-type-page post-entry-6357'><div class='entry-content-wrapper clearfix'><\/p>\n","protected":false},"excerpt":{"rendered":"","protected":false},"author":9,"featured_media":0,"parent":2131,"menu_order":0,"comment_status":"closed","ping_status":"closed","template":"","meta":{"_acf_changed":false,"footnotes":""},"class_list":["post-6357","page","type-page","status-publish","hentry"],"acf":[],"_links":{"self":[{"href":"https:\/\/patent.se1910.com\/de\/wp-json\/wp\/v2\/pages\/6357","targetHints":{"allow":["GET"]}}],"collection":[{"href":"https:\/\/patent.se1910.com\/de\/wp-json\/wp\/v2\/pages"}],"about":[{"href":"https:\/\/patent.se1910.com\/de\/wp-json\/wp\/v2\/types\/page"}],"author":[{"embeddable":true,"href":"https:\/\/patent.se1910.com\/de\/wp-json\/wp\/v2\/users\/9"}],"replies":[{"embeddable":true,"href":"https:\/\/patent.se1910.com\/de\/wp-json\/wp\/v2\/comments?post=6357"}],"version-history":[{"count":3,"href":"https:\/\/patent.se1910.com\/de\/wp-json\/wp\/v2\/pages\/6357\/revisions"}],"predecessor-version":[{"id":6361,"href":"https:\/\/patent.se1910.com\/de\/wp-json\/wp\/v2\/pages\/6357\/revisions\/6361"}],"up":[{"embeddable":true,"href":"https:\/\/patent.se1910.com\/de\/wp-json\/wp\/v2\/pages\/2131"}],"wp:attachment":[{"href":"https:\/\/patent.se1910.com\/de\/wp-json\/wp\/v2\/media?parent=6357"}],"curies":[{"name":"wp","href":"https:\/\/api.w.org\/{rel}","templated":true}]}}