{"id":1927,"date":"2021-09-15T06:35:46","date_gmt":"2021-09-15T06:35:46","guid":{"rendered":"https:\/\/se1910.com\/partner-offices\/"},"modified":"2024-11-29T13:43:30","modified_gmt":"2024-11-29T04:43:30","slug":"partner-offices","status":"publish","type":"page","link":"https:\/\/patent.se1910.com\/ja\/partner-offices\/","title":{"rendered":"\u63d0\u643a\u4e8b\u52d9\u6240"},"content":{"rendered":"<div id='full_slider_1'  class='avia-fullwidth-slider main_color avia-shadow   avia-builder-el-0  el_before_av_section  avia-builder-el-first   container_wrap sidebar_right'  >\n<style type=\"text\/css\" data-created_by=\"avia_inline_auto\" id=\"style-css-av-av_slideshow_full-85f7e3fd109e36cdb2713ea35cfe5185\">\n#top #wrap_all .avia-slideshow .av-slideshow-caption.av-av_slideshow_full-85f7e3fd109e36cdb2713ea35cfe5185__0 .avia-caption-title{\nfont-size:36px;\n}\n<\/style>\n<div  class='avia-slideshow av-av_slideshow_full-85f7e3fd109e36cdb2713ea35cfe5185 avia-slideshow-no scaling av_slideshow_full avia-slide-slider av-slideshow-ui av-control-hidden av-no-slider-navigation av-hide-nav-arrows av-slideshow-manual av-loop-once av-loop-manual-endless av-default-height-applied   avia-slideshow-1' data-slideshow-options=\"{&quot;animation&quot;:&quot;slide&quot;,&quot;autoplay&quot;:false,&quot;loop_autoplay&quot;:&quot;once&quot;,&quot;interval&quot;:5,&quot;loop_manual&quot;:&quot;manual-endless&quot;,&quot;autoplay_stopper&quot;:false,&quot;noNavigation&quot;:true,&quot;bg_slider&quot;:false,&quot;keep_padding&quot;:false,&quot;hoverpause&quot;:false,&quot;show_slide_delay&quot;:0}\"  itemprop=\"image\" itemscope=\"itemscope\" itemtype=\"https:\/\/schema.org\/ImageObject\" ><ul class='avia-slideshow-inner ' style='padding-bottom: 26.041666666667%;'><li  class='avia-slideshow-slide av-av_slideshow_full-85f7e3fd109e36cdb2713ea35cfe5185__0  av-single-slide slide-1 slide-odd'><div data-rel='slideshow-1' class='avia-slide-wrap '   ><div class='av-slideshow-caption av-av_slideshow_full-85f7e3fd109e36cdb2713ea35cfe5185__0 caption_fullwidth caption_center'><div class=\"container caption_container\"><div class=\"slideshow_caption\"><div class=\"slideshow_inner_caption\"><div class=\"slideshow_align_caption\"><h2 class='avia-caption-title '  itemprop=\"name\" >\u63d0\u643a\u4e8b\u52d9\u6240<\/h2><\/div><\/div><\/div><\/div><\/div><img decoding=\"async\" class=\"wp-image-2537 avia-img-lazy-loading-not-2537\"  src=\"https:\/\/patent.se1910.com\/wp-content\/uploads\/2021\/09\/SE_HeaderImg_Group_2.jpg\" width=\"1920\" height=\"500\" title='SE_HeaderImg_Group_2' alt=''  itemprop=\"thumbnailUrl\"  style='min-height:300px; min-width:1152px; ' srcset=\"https:\/\/patent.se1910.com\/wp-content\/uploads\/2021\/09\/SE_HeaderImg_Group_2.jpg 1920w, https:\/\/patent.se1910.com\/wp-content\/uploads\/2021\/09\/SE_HeaderImg_Group_2-300x78.jpg 300w, https:\/\/patent.se1910.com\/wp-content\/uploads\/2021\/09\/SE_HeaderImg_Group_2-1030x268.jpg 1030w, https:\/\/patent.se1910.com\/wp-content\/uploads\/2021\/09\/SE_HeaderImg_Group_2-768x200.jpg 768w, https:\/\/patent.se1910.com\/wp-content\/uploads\/2021\/09\/SE_HeaderImg_Group_2-1536x400.jpg 1536w, https:\/\/patent.se1910.com\/wp-content\/uploads\/2021\/09\/SE_HeaderImg_Group_2-1500x391.jpg 1500w, https:\/\/patent.se1910.com\/wp-content\/uploads\/2021\/09\/SE_HeaderImg_Group_2-705x184.jpg 705w, https:\/\/patent.se1910.com\/wp-content\/uploads\/2021\/09\/SE_HeaderImg_Group_2-450x117.jpg 450w\" sizes=\"(max-width: 1920px) 100vw, 1920px\" \/><div class='av-section-color-overlay' style='opacity: 0.5; background-color: #232323; '><\/div><\/div><\/li><\/ul><\/div><\/div>\n<div id='av_section_1'  class='avia-section av-av_section-31779286dc2676a8567fef3678c764df main_color avia-section-default avia-no-shadow  avia-builder-el-1  el_after_av_slideshow_full  avia-builder-el-last  avia-bg-style-scroll container_wrap sidebar_right'  ><div class='container av-section-cont-open' ><div class='template-page content  av-content-small alpha units'><div class='post-entry post-entry-type-page post-entry-1927'><div class='entry-content-wrapper clearfix'>\n\n<style type=\"text\/css\" data-created_by=\"avia_inline_auto\" id=\"style-css-av-av_one_full-6126cab7d8fab8d08143dd2dacdf673c\">\n.flex_column.av-av_one_full-6126cab7d8fab8d08143dd2dacdf673c{\n-webkit-border-radius:0px 0px 0px 0px;\n-moz-border-radius:0px 0px 0px 0px;\nborder-radius:0px 0px 0px 0px;\npadding:0px 0px 0px 0px;\n}\n<\/style>\n<div  class='flex_column av-av_one_full-6126cab7d8fab8d08143dd2dacdf673c av_one_full  avia-builder-el-2  avia-builder-el-no-sibling  first flex_column_div av-zero-column-padding  '     ><p>\n<style type=\"text\/css\" data-created_by=\"avia_inline_auto\" id=\"style-css-av-av_heading-44a06977b1fd88ec6fc6d9beba7d3a43\">\n#top .av-special-heading.av-av_heading-44a06977b1fd88ec6fc6d9beba7d3a43{\npadding-bottom:10px;\n}\nbody .av-special-heading.av-av_heading-44a06977b1fd88ec6fc6d9beba7d3a43 .av-special-heading-tag .heading-char{\nfont-size:25px;\n}\n.av-special-heading.av-av_heading-44a06977b1fd88ec6fc6d9beba7d3a43 .av-subheading{\nfont-size:15px;\n}\n<\/style>\n<div  class='av-special-heading av-av_heading-44a06977b1fd88ec6fc6d9beba7d3a43 av-special-heading-h2 blockquote modern-quote  avia-builder-el-3  el_before_av_textblock  avia-builder-el-first '><h2 class='av-special-heading-tag'  itemprop=\"headline\"  >\u30be\u30f3\u30c7\u30eb\u30db\u30d5\uff06\u30a2\u30a4\u30f3\u30bc\u30eb\u7a0e\u7406\u58eb\u6cd5\u4eba<\/h2><div class=\"special-heading-border\"><div class=\"special-heading-inner-border\"><\/div><\/div><\/div><br \/>\n<section  class='av_textblock_section av-av_textblock-396ddf1f42196ca838231e61a4602801 '   itemscope=\"itemscope\" itemtype=\"https:\/\/schema.org\/CreativeWork\" ><div class='avia_textblock'  itemprop=\"text\" ><p>\u30be\u30f3\u30c7\u30eb\u30db\u30d5\uff06\u30a2\u30a4\u30f3\u30bc\u30eb\u7a0e\u7406\u58eb\u6cd5\u4eba\u306f\u30012019\u5e7410\u6708\u306b\u8a2d\u7acb\u3055\u308c\u307e\u3057\u305f\u3002\u56fd\u969b\u7a0e\u52d9\u306e\u7d4c\u9a13\u304c\u8c4a\u5bcc\u306a\u7a0e\u7406\u58eb\u304c\u3001\u65e5\u672c\u8a9e\u53ca\u3073\u82f1\u8a9e\u306b\u3066\u5404\u7a2e\u7a0e\u52d9\u30b5\u30fc\u30d3\u30b9\u3092\u63d0\u4f9b\u3057\u3066\u304a\u308a\u307e\u3059\u3002\u5916\u8cc7\u7cfb\u4f01\u696d\u7279\u6709\u306e\u7a0e\u91d1\u3084\u793e\u4f1a\u4fdd\u967a\u306e\u53d6\u308a\u6271\u3044\u306b\u3064\u3044\u3066\u306e\u7d4c\u9a13\u3082\u8c4a\u5bcc\u3067\u3059\u3002\u307e\u305f\u3001\u30be\u30f3\u30c7\u30eb\u30db\u30d5\uff06\u30a2\u30a4\u30f3\u30bc\u30eb\u6cd5\u5f8b\u7279\u8a31\u4e8b\u52d9\u6240\u6cd5\u5f8b\u90e8\u9580\u3068\u306e\u5354\u50cd\u306b\u3088\u308a\u3001\u30ef\u30f3\u30b9\u30c8\u30c3\u30d7\u30b5\u30fc\u30d3\u30b9\u3092\u63d0\u4f9b\u3057\u3066\u304a\u308a\u307e\u3059\u3002<\/p>\n<p>\u3012100-0005 \u6771\u4eac\u90fd\u5343\u4ee3\u7530\u533a\u4e38\u306e\u51851\u4e01\u76ee6\u756a2\u53f7<\/p>\n<p>\u65b0\u4e38\u306e\u5185\u30bb\u30f3\u30bf\u30fc\u30d3\u30eb\u30c7\u30a3\u30f3\u30b018\u968e<\/p>\n<p>\u96fb\u8a71\uff08\u4ee3\u8868\uff09\uff1a 03-5220-6563<\/p>\n<p>\u30d5\u30a1\u30af\u30b9\uff1a 03-5220-6564<\/p>\n<p>\u30e1\u30fc\u30eb\uff1a<a href=\"mailto:tax@se1910.com\">tax@se1910.com<\/a><\/p>\n<p>Web\uff1a\u3000<a href=\"http:\/\/se1910.com\">http:\/\/se1910.com<\/a><\/p>\n<\/div><\/section><br \/>\n\n<style type=\"text\/css\" data-created_by=\"avia_inline_auto\" id=\"style-css-av-av_heading-254363645157e45e5d885bed2b6c3a9e\">\n#top .av-special-heading.av-av_heading-254363645157e45e5d885bed2b6c3a9e{\npadding-bottom:10px;\n}\nbody .av-special-heading.av-av_heading-254363645157e45e5d885bed2b6c3a9e .av-special-heading-tag .heading-char{\nfont-size:25px;\n}\n.av-special-heading.av-av_heading-254363645157e45e5d885bed2b6c3a9e .av-subheading{\nfont-size:15px;\n}\n<\/style>\n<div  class='av-special-heading av-av_heading-254363645157e45e5d885bed2b6c3a9e av-special-heading-h2 blockquote modern-quote  avia-builder-el-5  el_after_av_textblock  el_before_av_textblock '><h2 class='av-special-heading-tag'  itemprop=\"headline\"  >\u30be\u30f3\u30c7\u30eb\u30db\u30d5\uff06\u30a2\u30a4\u30f3\u30bc\u30eb\uff08\u5317\u4eac\uff09\u7279\u8a31\u4e8b\u52d9\u6240<\/h2><div class=\"special-heading-border\"><div class=\"special-heading-inner-border\"><\/div><\/div><\/div><br \/>\n<section  class='av_textblock_section av-av_textblock-396ddf1f42196ca838231e61a4602801 '   itemscope=\"itemscope\" itemtype=\"https:\/\/schema.org\/CreativeWork\" ><div class='avia_textblock'  itemprop=\"text\" ><p>\u30be\u30f3\u30c7\u30eb\u30db\u30d5\uff06\u30a2\u30a4\u30f3\u30bc\u30eb\u7279\u8a31\u4e8b\u52d9\u6240\uff08\u5317\u4eac\uff09\u306f\u30012012\u5e74\u306e\u8a2d\u7acb\u4ee5\u6765\u3001\u4e2d\u56fd\u306b\u304a\u3051\u308b\u7279\u8a31\u3001\u610f\u5320\u3001\u5546\u6a19\u306e\u51fa\u9858\u66f8\u985e\u306e\u4f5c\u6210\u3001\u51fa\u9858\u3001\u7ba1\u7406\u306b\u95a2\u3059\u308b\u30a2\u30c9\u30d0\u30a4\u30b9\u3001\u4e26\u3073\u306b\u305d\u306e\u4ee3\u7406\u696d\u52d9\u3092\u884c\u3063\u3066\u304a\u308a\u307e\u3059\u3002<\/p>\n<p>100004<br \/>\n\u5317\u4eac\u5e02\u671d\u967d\u533a\u5efa\u56fd\u9580\u5916\u5927\u88571\u53f7\u3000\u56fd\u8cbf\u30aa\u30d5\u30a3\u30b9\u30d3\u30eb\u30c7\u30a3\u30f3\u30b01\u5ea7316\u53f7<br \/>\n\uff08\u5317\u4eac\u5e02\u671d\u9633\u533a\u5efa\u56fd\u95e8\u5916\u5927\u88571\u53f7 \u56fd\u8d38\u5199\u5b57\u697c1\u5ea7316\u53f7\uff09<br \/>\n\u96fb\u8a71\u3000+86-(0)10-6505-5213<br \/>\nFAX\u3000 +86-(0)10-6505-6747<br \/>\n\u30e1\u30fc\u30eb\u3000<a href=\"mailto:patent@sonderhoff-einsel.cn\">patent@sonderhoff-einsel.cn<\/a><br \/>\nWeb\u3000\u3000<a href=\"https:\/\/sonderhoff-einsel.cn\/\">https:\/\/sonderhoff-einsel.cn\/<\/a><\/p>\n<\/div><\/section><br \/>\n\n<style type=\"text\/css\" data-created_by=\"avia_inline_auto\" id=\"style-css-av-av_heading-3361c967d6d62aff3d5cbf2ae1e083fa\">\n#top .av-special-heading.av-av_heading-3361c967d6d62aff3d5cbf2ae1e083fa{\npadding-bottom:10px;\n}\nbody .av-special-heading.av-av_heading-3361c967d6d62aff3d5cbf2ae1e083fa .av-special-heading-tag .heading-char{\nfont-size:25px;\n}\n.av-special-heading.av-av_heading-3361c967d6d62aff3d5cbf2ae1e083fa .av-subheading{\nfont-size:15px;\n}\n<\/style>\n<div  class='av-special-heading av-av_heading-3361c967d6d62aff3d5cbf2ae1e083fa av-special-heading-h2 blockquote modern-quote  avia-builder-el-7  el_after_av_textblock  el_before_av_textblock '><h2 class='av-special-heading-tag'  itemprop=\"headline\"  >\u30a2\u30a4\u30f3\u30bc\u30eb\u6cd5\u5f8b\u4e8b\u52d9\u6240 \u30cf\u30f3\u30d6\u30eb\u30af<\/h2><div class=\"special-heading-border\"><div class=\"special-heading-inner-border\"><\/div><\/div><\/div><br \/>\n<section  class='av_textblock_section av-av_textblock-396ddf1f42196ca838231e61a4602801 '   itemscope=\"itemscope\" itemtype=\"https:\/\/schema.org\/CreativeWork\" ><div class='avia_textblock'  itemprop=\"text\" ><p>\u30a2\u30a4\u30f3\u30bc\u30eb\u6cd5\u5f8b\u4e8b\u52d9\u6240\u306f\u3001\u30c9\u30a4\u30c4\u7a0e\u6cd5\u3092\u542b\u3080\u30c9\u30a4\u30c4\u6cd5\u3084EU\u6cd5\u306b\u95a2\u3059\u308b\u30ea\u30fc\u30ac\u30eb\u30a2\u30c9\u30d0\u30a4\u30b9\u3092\u63d0\u4f9b\u3059\u308b\u305f\u3081\u306b\u3001\u30cf\u30f3\u30d6\u30eb\u30af\u30672016\u5e74\u306b\u8a2d\u7acb\u3055\u308c\u307e\u3057\u305f\u3002\u30e8\u30fc\u30ed\u30c3\u30d1\u306e\u30af\u30e9\u30a4\u30a2\u30f3\u30c8\u306b\u3068\u3063\u3066\u306f\u65e5\u672c\u3084\u4e2d\u56fd\u3078\u306e\u7a93\u53e3\u3068\u3057\u3066\u3001\u307e\u305f\u65e5\u672c\u3084\u4e2d\u56fd\u306e\u30af\u30e9\u30a4\u30a2\u30f3\u30c8\u306b\u3068\u3063\u3066\u306f\u30e8\u30fc\u30ed\u30c3\u30d1\u3078\u306e\u7a93\u53e3\u3068\u3057\u3066\u304a\u5f79\u306b\u7acb\u3066\u308b\u3088\u3046\u5c3d\u529b\u3044\u305f\u3057\u307e\u3059\u3002<\/p>\n<p>Gro\u00dfe B\u00e4ckerstra\u00dfe 3<br \/>\n20095 Hamburg<br \/>\nGermany<br \/>\n\u96fb\u8a71 \u00a0\u3000+49-40-36 00 89 98<br \/>\n\u30e1\u30fc\u30eb\u3000 <a href=\"mailto:office@einsel-law.de\">office@einsel-law.de<\/a><\/p>\n<p>Web\u00a0 \u00a0 \u00a0 \u00a0 <a href=\"https:\/\/einsel-law.de\/\">https:\/\/einsel-law.de\/<\/a><\/p>\n<\/div><\/section><\/p><\/div><\/div><\/div><\/div><!-- close content main div --><\/div><\/div><div id='after_section_1'  class='main_color av_default_container_wrap container_wrap sidebar_right'  ><div class='container av-section-cont-open' ><div class='template-page content  av-content-small alpha units'><div class='post-entry post-entry-type-page post-entry-1927'><div class='entry-content-wrapper clearfix'>\n","protected":false},"excerpt":{"rendered":"","protected":false},"author":9,"featured_media":0,"parent":0,"menu_order":0,"comment_status":"closed","ping_status":"closed","template":"","meta":{"_acf_changed":false,"footnotes":""},"class_list":["post-1927","page","type-page","status-publish","hentry"],"acf":[],"_links":{"self":[{"href":"https:\/\/patent.se1910.com\/ja\/wp-json\/wp\/v2\/pages\/1927","targetHints":{"allow":["GET"]}}],"collection":[{"href":"https:\/\/patent.se1910.com\/ja\/wp-json\/wp\/v2\/pages"}],"about":[{"href":"https:\/\/patent.se1910.com\/ja\/wp-json\/wp\/v2\/types\/page"}],"author":[{"embeddable":true,"href":"https:\/\/patent.se1910.com\/ja\/wp-json\/wp\/v2\/users\/9"}],"replies":[{"embeddable":true,"href":"https:\/\/patent.se1910.com\/ja\/wp-json\/wp\/v2\/comments?post=1927"}],"version-history":[{"count":10,"href":"https:\/\/patent.se1910.com\/ja\/wp-json\/wp\/v2\/pages\/1927\/revisions"}],"predecessor-version":[{"id":11046,"href":"https:\/\/patent.se1910.com\/ja\/wp-json\/wp\/v2\/pages\/1927\/revisions\/11046"}],"wp:attachment":[{"href":"https:\/\/patent.se1910.com\/ja\/wp-json\/wp\/v2\/media?parent=1927"}],"curies":[{"name":"wp","href":"https:\/\/api.w.org\/{rel}","templated":true}]}}